{"id":93,"date":"2025-08-20T13:23:12","date_gmt":"2025-08-20T11:23:12","guid":{"rendered":"https:\/\/arcesso-dynamics.es\/?page_id=93"},"modified":"2026-03-17T16:51:55","modified_gmt":"2026-03-17T15:51:55","slug":"arfinio","status":"publish","type":"page","link":"https:\/\/arcesso-dynamics.es\/en\/arfinio\/","title":{"rendered":"Arfinio"},"content":{"rendered":"<div data-elementor-type=\"page\" data-elementor-id=\"93\" class=\"elementor elementor-93\" data-elementor-post-type=\"page\">\n\t\t\t\t<div class=\"elementor-element elementor-element-3688e5b7 e-con-full e-flex e-con e-parent\" data-id=\"3688e5b7\" data-element_type=\"container\">\n\t\t<div class=\"elementor-element elementor-element-5587d3b9 e-con-full e-flex e-con e-child\" data-id=\"5587d3b9\" data-element_type=\"container\" data-settings=\"{&quot;background_background&quot;:&quot;classic&quot;}\">\n\t\t<div class=\"elementor-element elementor-element-3cebbb1d e-con-full e-flex e-con e-child\" data-id=\"3cebbb1d\" data-element_type=\"container\">\n\t\t\t\t<div class=\"elementor-element elementor-element-7576ab2a elementor-widget-tablet__width-inherit elementor-widget elementor-widget-image\" data-id=\"7576ab2a\" data-element_type=\"widget\" data-widget_type=\"image.default\">\n\t\t\t\t\t\t\t\t\t\t\t\t\t\t\t<img decoding=\"async\" src=\"https:\/\/arcesso-dynamics.es\/wp-content\/uploads\/2025\/08\/d6e4c5f50acad831dd4d1b04f065162c.svg\" class=\"attachment-full size-full wp-image-95\" alt=\"\" \/>\t\t\t\t\t\t\t\t\t\t\t\t\t\t\t<\/div>\n\t\t\t\t<div class=\"elementor-element elementor-element-145cfa41 elementor-widget__width-initial elementor-widget-mobile__width-inherit elementor-widget elementor-widget-heading\" data-id=\"145cfa41\" data-element_type=\"widget\" data-widget_type=\"heading.default\">\n\t\t\t\t\t<h1 class=\"elementor-heading-title elementor-size-default translation-block\">Arfinio\u00ae <br>\nDesign the impossible<\/h1>\t\t\t\t<\/div>\n\t\t\t\t<div class=\"elementor-element elementor-element-e47a058 elementor-widget-tablet__width-inherit elementor-widget__width-inherit elementor-widget elementor-widget-image\" data-id=\"e47a058\" data-element_type=\"widget\" data-widget_type=\"image.default\">\n\t\t\t\t\t\t\t\t\t\t\t\t\t\t\t<img decoding=\"async\" src=\"https:\/\/arcesso-dynamics.es\/wp-content\/uploads\/2025\/08\/e36bbe224db5b5a4fb9dd0f2233bfac6.svg\" class=\"attachment-full size-full wp-image-94\" alt=\"\" \/>\t\t\t\t\t\t\t\t\t\t\t\t\t\t\t<\/div>\n\t\t\t\t<\/div>\n\t\t\t\t<\/div>\n\t\t\t\t<\/div>\n\t\t<div class=\"elementor-element elementor-element-50b1a288 e-con-full e-flex e-con e-parent\" data-id=\"50b1a288\" data-element_type=\"container\">\n\t\t\t\t<div class=\"elementor-element elementor-element-4f7b5f2c elementor-widget__width-initial elementor-widget elementor-widget-text-editor\" data-id=\"4f7b5f2c\" data-element_type=\"widget\" data-widget_type=\"text-editor.default\">\n\t\t\t\t\t\t\t\t\t<p>As creators of the technology, and in collaboration with our partner Covestro (owner of the Arfinio\u00ae brand), we present the first solid surface that combines the freedom of injection moulding with the beauty and durability of aliphatic polyurethanes.<\/p>\t\t\t\t\t\t\t\t<\/div>\n\t\t\t\t<\/div>\n\t\t<div class=\"elementor-element elementor-element-18d8d121 e-con-full e-flex e-con e-parent\" data-id=\"18d8d121\" data-element_type=\"container\">\n\t\t\t\t<div class=\"elementor-element elementor-element-68a8d2f7 elementor-widget__width-initial elementor-widget-mobile__width-inherit elementor-widget elementor-widget-heading\" data-id=\"68a8d2f7\" data-element_type=\"widget\" data-widget_type=\"heading.default\">\n\t\t\t\t\t<h2 class=\"elementor-heading-title elementor-size-default\">The Solid Surface revolution in 4 points<\/h2>\t\t\t\t<\/div>\n\t\t\t\t<div class=\"elementor-element elementor-element-8403bc5 elementor-widget__width-initial elementor-widget-mobile__width-inherit elementor-widget elementor-widget-text-editor\" data-id=\"8403bc5\" data-element_type=\"widget\" data-widget_type=\"text-editor.default\">\n\t\t\t\t\t\t\t\t\t<p>Arfinio\u00ae is more than an improvement; it's an evolutionary leap. Its technology offers unique advantages that completely transform the design and manufacturing process.<\/p>\t\t\t\t\t\t\t\t<\/div>\n\t\t<div class=\"elementor-element elementor-element-74571864 e-con-full e-flex e-con e-child\" data-id=\"74571864\" data-element_type=\"container\">\n\t\t<div class=\"elementor-element elementor-element-6e594304 e-con-full e-flex e-con e-child\" data-id=\"6e594304\" data-element_type=\"container\" data-settings=\"{&quot;background_background&quot;:&quot;classic&quot;}\">\n\t\t<div class=\"elementor-element elementor-element-4b1dfde7 e-con-full e-flex e-con e-child\" data-id=\"4b1dfde7\" data-element_type=\"container\">\n\t\t\t\t<div class=\"elementor-element elementor-element-3ff8885 elementor-widget__width-initial elementor-widget elementor-widget-heading\" data-id=\"3ff8885\" data-element_type=\"widget\" data-widget_type=\"heading.default\">\n\t\t\t\t\t<div class=\"elementor-heading-title elementor-size-default\">01<\/div>\t\t\t\t<\/div>\n\t\t<div class=\"elementor-element elementor-element-6cd1c8f0 e-con-full e-flex e-con e-child\" data-id=\"6cd1c8f0\" data-element_type=\"container\">\n\t\t\t\t<\/div>\n\t\t\t\t<\/div>\n\t\t\t\t<div class=\"elementor-element elementor-element-66dbe89d elementor-widget__width-initial elementor-widget elementor-widget-heading\" data-id=\"66dbe89d\" data-element_type=\"widget\" data-widget_type=\"heading.default\">\n\t\t\t\t\t<div class=\"elementor-heading-title elementor-size-default\">Absolute design freedom<\/div>\t\t\t\t<\/div>\n\t\t\t\t<div class=\"elementor-element elementor-element-3d8caac0 elementor-widget__width-initial elementor-widget elementor-widget-text-editor\" data-id=\"3d8caac0\" data-element_type=\"widget\" data-widget_type=\"text-editor.default\">\n\t\t\t\t\t\t\t\t\t<p>Thanks to injection moulding, we can create complex 3D shapes, impossible angles, variable thicknesses and details that would be impossible to achieve with traditional Solid Surface sheets.<\/p>\t\t\t\t\t\t\t\t<\/div>\n\t\t\t\t<\/div>\n\t\t<div class=\"elementor-element elementor-element-2ee21bac e-con-full e-flex e-con e-child\" data-id=\"2ee21bac\" data-element_type=\"container\" data-settings=\"{&quot;background_background&quot;:&quot;classic&quot;}\">\n\t\t<div class=\"elementor-element elementor-element-4c4d8afd e-con-full e-flex e-con e-child\" data-id=\"4c4d8afd\" data-element_type=\"container\">\n\t\t\t\t<div class=\"elementor-element elementor-element-22cf3fab elementor-widget__width-initial elementor-widget elementor-widget-heading\" data-id=\"22cf3fab\" data-element_type=\"widget\" data-widget_type=\"heading.default\">\n\t\t\t\t\t<div class=\"elementor-heading-title elementor-size-default\">02<\/div>\t\t\t\t<\/div>\n\t\t<div class=\"elementor-element elementor-element-3fc85c88 e-con-full e-flex e-con e-child\" data-id=\"3fc85c88\" data-element_type=\"container\">\n\t\t\t\t<\/div>\n\t\t\t\t<\/div>\n\t\t\t\t<div class=\"elementor-element elementor-element-19fc0c20 elementor-widget__width-initial elementor-widget elementor-widget-heading\" data-id=\"19fc0c20\" data-element_type=\"widget\" data-widget_type=\"heading.default\">\n\t\t\t\t\t<div class=\"elementor-heading-title elementor-size-default\">Sleek beauty for the senses<\/div>\t\t\t\t<\/div>\n\t\t\t\t<div class=\"elementor-element elementor-element-c4b5d91 elementor-widget__width-initial elementor-widget elementor-widget-text-editor\" data-id=\"c4b5d91\" data-element_type=\"widget\" data-widget_type=\"text-editor.default\">\n\t\t\t\t\t\t\t\t\t<p>We create each piece in a single injection, without joints, seams or adhesives. The result is a perfect, pure object with a warm feel and premium appearance that invites you to touch it.<\/p>\t\t\t\t\t\t\t\t<\/div>\n\t\t\t\t<\/div>\n\t\t<div class=\"elementor-element elementor-element-27c3fed2 e-con-full e-flex e-con e-child\" data-id=\"27c3fed2\" data-element_type=\"container\" data-settings=\"{&quot;background_background&quot;:&quot;classic&quot;}\">\n\t\t<div class=\"elementor-element elementor-element-76d7aecd e-con-full e-flex e-con e-child\" data-id=\"76d7aecd\" data-element_type=\"container\">\n\t\t\t\t<div class=\"elementor-element elementor-element-173c1c9c elementor-widget__width-initial elementor-widget elementor-widget-heading\" data-id=\"173c1c9c\" data-element_type=\"widget\" data-widget_type=\"heading.default\">\n\t\t\t\t\t<div class=\"elementor-heading-title elementor-size-default\">03<\/div>\t\t\t\t<\/div>\n\t\t<div class=\"elementor-element elementor-element-3ffa9147 e-con-full e-flex e-con e-child\" data-id=\"3ffa9147\" data-element_type=\"container\">\n\t\t\t\t<\/div>\n\t\t\t\t<\/div>\n\t\t\t\t<div class=\"elementor-element elementor-element-3d8d45e2 elementor-widget__width-initial elementor-widget elementor-widget-heading\" data-id=\"3d8d45e2\" data-element_type=\"widget\" data-widget_type=\"heading.default\">\n\t\t\t\t\t<div class=\"elementor-heading-title elementor-size-default\">Greater performance and durability<\/div>\t\t\t\t<\/div>\n\t\t\t\t<div class=\"elementor-element elementor-element-3b88189d elementor-widget__width-initial elementor-widget elementor-widget-text-editor\" data-id=\"3b88189d\" data-element_type=\"widget\" data-widget_type=\"text-editor.default\">\n\t\t\t\t\t\t\t\t\t<p>Thanks to its molecular structure, it's incredibly resistant to knocks and chemicals whilst also being lighter than other materials on the market. What's more, it's fully repairable, extending its useful life.<\/p>\t\t\t\t\t\t\t\t<\/div>\n\t\t\t\t<\/div>\n\t\t<div class=\"elementor-element elementor-element-7c6b1e0e e-con-full e-flex e-con e-child\" data-id=\"7c6b1e0e\" data-element_type=\"container\" data-settings=\"{&quot;background_background&quot;:&quot;classic&quot;}\">\n\t\t<div class=\"elementor-element elementor-element-2be25dc0 e-con-full e-flex e-con e-child\" data-id=\"2be25dc0\" data-element_type=\"container\">\n\t\t\t\t<div class=\"elementor-element elementor-element-441e211c elementor-widget__width-initial elementor-widget elementor-widget-heading\" data-id=\"441e211c\" data-element_type=\"widget\" data-widget_type=\"heading.default\">\n\t\t\t\t\t<div class=\"elementor-heading-title elementor-size-default\">04<\/div>\t\t\t\t<\/div>\n\t\t<div class=\"elementor-element elementor-element-4587445a e-con-full e-flex e-con e-child\" data-id=\"4587445a\" data-element_type=\"container\">\n\t\t\t\t<\/div>\n\t\t\t\t<\/div>\n\t\t\t\t<div class=\"elementor-element elementor-element-7cfbe93 elementor-widget__width-initial elementor-widget elementor-widget-heading\" data-id=\"7cfbe93\" data-element_type=\"widget\" data-widget_type=\"heading.default\">\n\t\t\t\t\t<div class=\"elementor-heading-title elementor-size-default\">Smart sustainability<\/div>\t\t\t\t<\/div>\n\t\t\t\t<div class=\"elementor-element elementor-element-5966160a elementor-widget__width-initial elementor-widget elementor-widget-text-editor\" data-id=\"5966160a\" data-element_type=\"widget\" data-widget_type=\"text-editor.default\">\n\t\t\t\t\t\t\t\t\t<p>Formulated with a high biomass content and 100% recyclable materials, it's a material designed for the present and future of the planet.<\/p>\t\t\t\t\t\t\t\t<\/div>\n\t\t\t\t<\/div>\n\t\t\t\t<\/div>\n\t\t\t\t<\/div>\n\t\t<div class=\"elementor-element elementor-element-3510ba40 e-con-full e-flex e-con e-parent\" data-id=\"3510ba40\" data-element_type=\"container\">\n\t\t\t\t<div class=\"elementor-element elementor-element-43f9a111 elementor-widget__width-initial elementor-widget elementor-widget-heading\" data-id=\"43f9a111\" data-element_type=\"widget\" data-widget_type=\"heading.default\">\n\t\t\t\t\t<h2 class=\"elementor-heading-title elementor-size-default\">An infinite universe of applications<\/h2>\t\t\t\t<\/div>\n\t\t\t\t<div class=\"elementor-element elementor-element-70c1ae5c elementor-widget__width-initial elementor-widget-mobile__width-inherit elementor-widget elementor-widget-text-editor\" data-id=\"70c1ae5c\" data-element_type=\"widget\" data-widget_type=\"text-editor.default\">\n\t\t\t\t\t\t\t\t\t<p>The versatility of Arfinio\u00ae makes it the ideal material for the most demanding sectors in terms of design and functionality.<\/p>\t\t\t\t\t\t\t\t<\/div>\n\t\t<div class=\"elementor-element elementor-element-535a73ca e-con-full e-flex e-con e-child\" data-id=\"535a73ca\" data-element_type=\"container\">\n\t\t<div class=\"elementor-element elementor-element-13f1028f e-con-full e-flex e-con e-child\" data-id=\"13f1028f\" data-element_type=\"container\" data-settings=\"{&quot;background_background&quot;:&quot;classic&quot;}\">\n\t\t<div class=\"elementor-element elementor-element-3cfef18b e-con-full e-flex e-con e-child\" data-id=\"3cfef18b\" data-element_type=\"container\">\n\t\t\t\t<div class=\"elementor-element elementor-element-7d16296 elementor-widget__width-initial elementor-widget-mobile__width-inherit elementor-widget elementor-widget-heading\" data-id=\"7d16296\" data-element_type=\"widget\" data-widget_type=\"heading.default\">\n\t\t\t\t\t<div class=\"elementor-heading-title elementor-size-default\">Bathrooms<\/div>\t\t\t\t<\/div>\n\t\t<div class=\"elementor-element elementor-element-720a225 e-con-full e-flex e-con e-child\" data-id=\"720a225\" data-element_type=\"container\">\n\t\t\t\t<div class=\"elementor-element elementor-element-264edf63 elementor-widget-tablet__width-inherit elementor-widget elementor-widget-image\" data-id=\"264edf63\" data-element_type=\"widget\" data-widget_type=\"image.default\">\n\t\t\t\t\t\t\t\t\t\t\t\t\t\t\t<img fetchpriority=\"high\" decoding=\"async\" width=\"720\" height=\"600\" src=\"https:\/\/arcesso-dynamics.es\/wp-content\/uploads\/2026\/03\/Huppe.png\" class=\"attachment-full size-full wp-image-1141\" alt=\"\" srcset=\"https:\/\/arcesso-dynamics.es\/wp-content\/uploads\/2026\/03\/Huppe.png 720w, https:\/\/arcesso-dynamics.es\/wp-content\/uploads\/2026\/03\/Huppe-300x250.png 300w, https:\/\/arcesso-dynamics.es\/wp-content\/uploads\/2026\/03\/Huppe-14x12.png 14w\" sizes=\"(max-width: 720px) 100vw, 720px\" \/>\t\t\t\t\t\t\t\t\t\t\t\t\t\t\t<\/div>\n\t\t\t\t<div class=\"elementor-element elementor-element-3e334143 elementor-widget__width-initial elementor-widget elementor-widget-text-editor\" data-id=\"3e334143\" data-element_type=\"widget\" data-widget_type=\"text-editor.default\">\n\t\t\t\t\t\t\t\t\t<p>Basins, baths and shower trays with organic, flowing shapes.<\/p>\t\t\t\t\t\t\t\t<\/div>\n\t\t\t\t<\/div>\n\t\t\t\t<\/div>\n\t\t\t\t<\/div>\n\t\t<div class=\"elementor-element elementor-element-1cedc61f e-con-full e-flex e-con e-child\" data-id=\"1cedc61f\" data-element_type=\"container\" data-settings=\"{&quot;background_background&quot;:&quot;classic&quot;}\">\n\t\t<div class=\"elementor-element elementor-element-3338f695 e-con-full e-flex e-con e-child\" data-id=\"3338f695\" data-element_type=\"container\">\n\t\t\t\t<div class=\"elementor-element elementor-element-41575d19 elementor-widget__width-initial elementor-widget-mobile__width-inherit elementor-widget elementor-widget-heading\" data-id=\"41575d19\" data-element_type=\"widget\" data-widget_type=\"heading.default\">\n\t\t\t\t\t<div class=\"elementor-heading-title elementor-size-default\">Furniture<\/div>\t\t\t\t<\/div>\n\t\t<div class=\"elementor-element elementor-element-3a6aa5fd e-con-full e-flex e-con e-child\" data-id=\"3a6aa5fd\" data-element_type=\"container\">\n\t\t\t\t<div class=\"elementor-element elementor-element-50e321dc elementor-widget-tablet__width-inherit elementor-widget elementor-widget-image\" data-id=\"50e321dc\" data-element_type=\"widget\" data-widget_type=\"image.default\">\n\t\t\t\t\t\t\t\t\t\t\t\t\t\t\t<img decoding=\"async\" width=\"720\" height=\"600\" src=\"https:\/\/arcesso-dynamics.es\/wp-content\/uploads\/2026\/03\/Mobiliario-1.png\" class=\"attachment-full size-full wp-image-1145\" alt=\"\" srcset=\"https:\/\/arcesso-dynamics.es\/wp-content\/uploads\/2026\/03\/Mobiliario-1.png 720w, https:\/\/arcesso-dynamics.es\/wp-content\/uploads\/2026\/03\/Mobiliario-1-300x250.png 300w, https:\/\/arcesso-dynamics.es\/wp-content\/uploads\/2026\/03\/Mobiliario-1-14x12.png 14w\" sizes=\"(max-width: 720px) 100vw, 720px\" \/>\t\t\t\t\t\t\t\t\t\t\t\t\t\t\t<\/div>\n\t\t\t\t<div class=\"elementor-element elementor-element-256a192 elementor-widget__width-initial elementor-widget elementor-widget-text-editor\" data-id=\"256a192\" data-element_type=\"widget\" data-widget_type=\"text-editor.default\">\n\t\t\t\t\t\t\t\t\t<p>Countertops, tables and sculptural furniture that defies gravity.<\/p>\t\t\t\t\t\t\t\t<\/div>\n\t\t\t\t<\/div>\n\t\t\t\t<\/div>\n\t\t\t\t<\/div>\n\t\t<div class=\"elementor-element elementor-element-8cb1519 e-con-full e-flex e-con e-child\" data-id=\"8cb1519\" data-element_type=\"container\" data-settings=\"{&quot;background_background&quot;:&quot;classic&quot;}\">\n\t\t<div class=\"elementor-element elementor-element-3735587 e-con-full e-flex e-con e-child\" data-id=\"3735587\" data-element_type=\"container\">\n\t\t\t\t<div class=\"elementor-element elementor-element-70de1200 elementor-widget__width-initial elementor-widget-mobile__width-inherit elementor-widget elementor-widget-heading\" data-id=\"70de1200\" data-element_type=\"widget\" data-widget_type=\"heading.default\">\n\t\t\t\t\t<div class=\"elementor-heading-title elementor-size-default\">Mobility and electronics<\/div>\t\t\t\t<\/div>\n\t\t<div class=\"elementor-element elementor-element-8dbbc45 e-con-full e-flex e-con e-child\" data-id=\"8dbbc45\" data-element_type=\"container\">\n\t\t\t\t<div class=\"elementor-element elementor-element-738622eb elementor-widget-tablet__width-inherit elementor-widget elementor-widget-image\" data-id=\"738622eb\" data-element_type=\"widget\" data-widget_type=\"image.default\">\n\t\t\t\t\t\t\t\t\t\t\t\t\t\t\t<img decoding=\"async\" width=\"720\" height=\"600\" src=\"https:\/\/arcesso-dynamics.es\/wp-content\/uploads\/2026\/03\/cargador.png\" class=\"attachment-full size-full wp-image-1143\" alt=\"\" srcset=\"https:\/\/arcesso-dynamics.es\/wp-content\/uploads\/2026\/03\/cargador.png 720w, https:\/\/arcesso-dynamics.es\/wp-content\/uploads\/2026\/03\/cargador-300x250.png 300w, https:\/\/arcesso-dynamics.es\/wp-content\/uploads\/2026\/03\/cargador-14x12.png 14w\" sizes=\"(max-width: 720px) 100vw, 720px\" \/>\t\t\t\t\t\t\t\t\t\t\t\t\t\t\t<\/div>\n\t\t\t\t<div class=\"elementor-element elementor-element-4f04ba6 elementor-widget__width-initial elementor-widget elementor-widget-text-editor\" data-id=\"4f04ba6\" data-element_type=\"widget\" data-widget_type=\"text-editor.default\">\n\t\t\t\t\t\t\t\t\t<p>ATMs, technological equipment and super-resistant housings.<\/p>\t\t\t\t\t\t\t\t<\/div>\n\t\t\t\t<\/div>\n\t\t\t\t<\/div>\n\t\t\t\t<\/div>\n\t\t<div class=\"elementor-element elementor-element-189b82ce e-con-full e-flex e-con e-child\" data-id=\"189b82ce\" data-element_type=\"container\" data-settings=\"{&quot;background_background&quot;:&quot;classic&quot;}\">\n\t\t<div class=\"elementor-element elementor-element-bb5469e e-con-full e-flex e-con e-child\" data-id=\"bb5469e\" data-element_type=\"container\">\n\t\t<div class=\"elementor-element elementor-element-8c8057f e-con-full e-flex e-con e-child\" data-id=\"8c8057f\" data-element_type=\"container\">\n\t\t\t\t<div class=\"elementor-element elementor-element-efc8968 elementor-widget__width-initial elementor-widget-mobile__width-inherit elementor-widget elementor-widget-heading\" data-id=\"efc8968\" data-element_type=\"widget\" data-widget_type=\"heading.default\">\n\t\t\t\t\t<div class=\"elementor-heading-title elementor-size-default\">Retail and public spaces<\/div>\t\t\t\t<\/div>\n\t\t<div class=\"elementor-element elementor-element-95dba35 e-con-full e-flex e-con e-child\" data-id=\"95dba35\" data-element_type=\"container\">\n\t\t\t\t<div class=\"elementor-element elementor-element-48a3d8b elementor-widget-tablet__width-inherit elementor-widget elementor-widget-image\" data-id=\"48a3d8b\" data-element_type=\"widget\" data-widget_type=\"image.default\">\n\t\t\t\t\t\t\t\t\t\t\t\t\t\t\t<img loading=\"lazy\" decoding=\"async\" width=\"720\" height=\"600\" src=\"https:\/\/arcesso-dynamics.es\/wp-content\/uploads\/2026\/03\/Retail.png\" class=\"attachment-full size-full wp-image-1144\" alt=\"\" srcset=\"https:\/\/arcesso-dynamics.es\/wp-content\/uploads\/2026\/03\/Retail.png 720w, https:\/\/arcesso-dynamics.es\/wp-content\/uploads\/2026\/03\/Retail-300x250.png 300w, https:\/\/arcesso-dynamics.es\/wp-content\/uploads\/2026\/03\/Retail-14x12.png 14w\" sizes=\"(max-width: 720px) 100vw, 720px\" \/>\t\t\t\t\t\t\t\t\t\t\t\t\t\t\t<\/div>\n\t\t\t\t<div class=\"elementor-element elementor-element-21d7a83 elementor-widget__width-initial elementor-widget elementor-widget-text-editor\" data-id=\"21d7a83\" data-element_type=\"widget\" data-widget_type=\"text-editor.default\">\n\t\t\t\t\t\t\t\t\t<p>Counters and decorative elements with high visual impact and great durability.<\/p>\t\t\t\t\t\t\t\t<\/div>\n\t\t\t\t<\/div>\n\t\t\t\t<\/div>\n\t\t\t\t<\/div>\n\t\t\t\t<\/div>\n\t\t\t\t<\/div>\n\t\t\t\t<\/div>\n\t\t<div class=\"elementor-element elementor-element-bccaf8e e-con-full e-flex e-con e-parent\" data-id=\"bccaf8e\" data-element_type=\"container\">\n\t\t\t\t<div class=\"elementor-element elementor-element-203f29de elementor-widget__width-initial elementor-widget elementor-widget-heading\" data-id=\"203f29de\" data-element_type=\"widget\" data-widget_type=\"heading.default\">\n\t\t\t\t\t<h2 class=\"elementor-heading-title elementor-size-default\">The technology behind the shape<\/h2>\t\t\t\t<\/div>\n\t\t\t\t<div class=\"elementor-element elementor-element-6eab33be elementor-widget__width-initial elementor-widget-mobile__width-inherit elementor-widget elementor-widget-text-editor\" data-id=\"6eab33be\" data-element_type=\"widget\" data-widget_type=\"text-editor.default\">\n\t\t\t\t\t\t\t\t\t<p>Arfinio\u00ae is a Solid Surface technology based on a rigid polyurethane system with aliphatic isocyanates. Resulting from Arcesso Dynamics' R&amp;D&amp;I, this technology enables reaction injection moulding, resulting in pieces of a quality and complexity that were previously unachievable. Ready to design the impossible?<\/p>\t\t\t\t\t\t\t\t<\/div>\n\t\t\t\t<div class=\"elementor-element elementor-element-1dfb36d elementor-align-justify elementor-widget elementor-widget-button\" data-id=\"1dfb36d\" data-element_type=\"widget\" data-widget_type=\"button.default\">\n\t\t\t\t\t\t\t\t\t\t<a class=\"elementor-button elementor-button-link elementor-size-sm\" href=\"https:\/\/arcesso-dynamics.es\/en\/contact\/#form\">\n\t\t\t\t\t\t<span class=\"elementor-button-content-wrapper\">\n\t\t\t\t\t\t\t\t\t<span class=\"elementor-button-text\">Request a sample<\/span>\n\t\t\t\t\t<\/span>\n\t\t\t\t\t<\/a>\n\t\t\t\t\t\t\t\t<\/div>\n\t\t\t\t<\/div>\n\t\t\t\t<\/div>","protected":false},"excerpt":{"rendered":"<p>Arfinio\u00ae Dise\u00f1a lo imposible Como creadores de la tecnolog\u00eda y en colaboraci\u00f3n con nuestro partner Covestro (propietario de la marca Arfinio\u00ae), te presentamos la primera superficie s\u00f3lida que combina la libertad del moldeo por inyecci\u00f3n con la belleza y resistencia de los poliuretanos alif\u00e1ticos. La revoluci\u00f3n del Solid Surface en 4 claves Arfinio\u00ae es m\u00e1s [&hellip;]<\/p>\n","protected":false},"author":1,"featured_media":0,"parent":0,"menu_order":0,"comment_status":"closed","ping_status":"closed","template":"elementor_header_footer","meta":{"footnotes":""},"class_list":["post-93","page","type-page","status-publish","hentry"],"_links":{"self":[{"href":"https:\/\/arcesso-dynamics.es\/en\/wp-json\/wp\/v2\/pages\/93","targetHints":{"allow":["GET"]}}],"collection":[{"href":"https:\/\/arcesso-dynamics.es\/en\/wp-json\/wp\/v2\/pages"}],"about":[{"href":"https:\/\/arcesso-dynamics.es\/en\/wp-json\/wp\/v2\/types\/page"}],"author":[{"embeddable":true,"href":"https:\/\/arcesso-dynamics.es\/en\/wp-json\/wp\/v2\/users\/1"}],"replies":[{"embeddable":true,"href":"https:\/\/arcesso-dynamics.es\/en\/wp-json\/wp\/v2\/comments?post=93"}],"version-history":[{"count":22,"href":"https:\/\/arcesso-dynamics.es\/en\/wp-json\/wp\/v2\/pages\/93\/revisions"}],"predecessor-version":[{"id":1162,"href":"https:\/\/arcesso-dynamics.es\/en\/wp-json\/wp\/v2\/pages\/93\/revisions\/1162"}],"wp:attachment":[{"href":"https:\/\/arcesso-dynamics.es\/en\/wp-json\/wp\/v2\/media?parent=93"}],"curies":[{"name":"wp","href":"https:\/\/api.w.org\/{rel}","templated":true}]}}