{"id":809,"date":"2025-10-09T09:54:12","date_gmt":"2025-10-09T07:54:12","guid":{"rendered":"https:\/\/arcesso-dynamics.es\/?page_id=809"},"modified":"2025-10-09T10:01:43","modified_gmt":"2025-10-09T08:01:43","slug":"aviso-legal","status":"publish","type":"page","link":"https:\/\/arcesso-dynamics.es\/en\/aviso-legal\/","title":{"rendered":"Aviso legal"},"content":{"rendered":"<div data-elementor-type=\"page\" data-elementor-id=\"809\" class=\"elementor elementor-809\" data-elementor-post-type=\"page\">\n\t\t\t\t<div class=\"elementor-element elementor-element-2979993c e-flex e-con-boxed e-con e-parent\" data-id=\"2979993c\" data-element_type=\"container\">\n\t\t\t\t\t<div class=\"e-con-inner\">\n\t\t<div class=\"elementor-element elementor-element-1eb11959 e-con-full e-flex e-con e-child\" data-id=\"1eb11959\" data-element_type=\"container\" data-settings=\"{&quot;background_background&quot;:&quot;classic&quot;}\">\n\t\t\t\t<div class=\"elementor-element elementor-element-a331635 elementor-widget__width-initial elementor-widget elementor-widget-html\" data-id=\"a331635\" data-element_type=\"widget\" data-widget_type=\"html.default\">\n\t\t\t\t\t<section class=\"texto-blanco\" aria-labelledby=\"aviso-legal-title\">\n  <header>\n    <h1 id=\"aviso-legal-title\">Aviso Legal<\/h1>\n    <p>\u00daltima actualizaci\u00f3n: <time datetime=\"2025-09\">Septiembre 2025<\/time><\/p>\n  <\/header>\n\n  <article>\n\n    <section aria-labelledby=\"informacion-general\">\n      <h2 id=\"informacion-general\">Informaci\u00f3n General<\/h2>\n      <p>\n        La titular de este sitio web, <a href=\"https:\/\/arcesso-dynamics.es\/en\" target=\"_blank\" rel=\"noopener noreferrer\">https:\/\/arcesso-dynamics.es\/<\/a>, es <strong>ARCESSO DYNAMICS S.L.<\/strong>, con NIF B-65150690, y domicilio en C\/ Dels Boters, 3-5, Parc Tecnol\u00f2gic del Vall\u00e8s, 08290 Cerdanyola del Vall\u00e8s, Barcelona (Espa\u00f1a).\n      <\/p>\n      <p>\n        Inscrita en el Registro Mercantil de Barcelona, Tomo 41374, Folio 0166, Hoja 391983, Sec. General, Inscr. 1\u00aa.\n      <\/p>\n    <\/section>\n\n    <section aria-labelledby=\"objeto\">\n      <h2 id=\"objeto\">Objeto<\/h2>\n      <p>\n        El objeto de las presentes condiciones es regular el acceso y uso de los contenidos ofrecidos por <strong>ARCESSO DYNAMICS<\/strong> a trav\u00e9s de este sitio web, exclusivamente para fines informativos.\n      <\/p>\n      <p>\n        A trav\u00e9s de la web el usuario podr\u00e1 acceder a informaci\u00f3n corporativa sobre ARCESSO DYNAMICS y sobre sus productos, proyectos y actividades.\n      <\/p>\n    <\/section>\n\n    <section aria-labelledby=\"condiciones-uso\">\n      <h2 id=\"condiciones-uso\">Condiciones de Uso<\/h2>\n      <p>\n        El usuario accede voluntariamente a este sitio web y se compromete a utilizarlo conforme al presente aviso legal, la legislaci\u00f3n vigente, la moral, el orden p\u00fablico, la buena fe y las buenas costumbres.\n      <\/p>\n      <p>\n        El acceso a la web es gratuito, salvo los costes de conexi\u00f3n a trav\u00e9s de la red de telecomunicaciones suministrada por el proveedor de acceso que haya contratado el usuario.\n      <\/p>\n      <p>\n        El acceso y el uso del sitio web suponen la aceptaci\u00f3n de las presentes condiciones en la versi\u00f3n publicada en cada momento y la sumisi\u00f3n a las mismas.\n      <\/p>\n      <p>\n        <strong>ARCESSO DYNAMICS<\/strong> se reserva el derecho a interrumpir el acceso a su sitio web en cualquier momento y sin previo aviso, sea por motivos t\u00e9cnicos, de seguridad, de mantenimiento o por cualquier otra causa. Asimismo, podr\u00e1 modificar sin previo aviso la configuraci\u00f3n y contenido de la web, as\u00ed como las condiciones requeridas para su acceso y uso. Recomendamos visitar peri\u00f3dicamente esta secci\u00f3n para disponer de informaci\u00f3n actualizada.\n      <\/p>\n    <\/section>\n\n    <section aria-labelledby=\"propiedad-intelectual\">\n      <h2 id=\"propiedad-intelectual\">Propiedad Intelectual e Industrial<\/h2>\n      <p><strong>\u00a9 ARCESSO DYNAMICS S.L. Todos los derechos reservados.<\/strong><\/p>\n      <p>\n        Este sitio web y los contenidos incluidos en el mismo est\u00e1n protegidos por la legislaci\u00f3n vigente en materia de propiedad industrial e intelectual y son propiedad de <strong>ARCESSO DYNAMICS<\/strong> o de terceros que han autorizado su uso.\n      <\/p>\n      <p>\n        El acceso a este sitio web no supone, en ning\u00fan caso, adquisici\u00f3n por parte de los usuarios de ning\u00fan derecho de propiedad sobre los contenidos que figuran en el mismo.\n      <\/p>\n      <p>\n        Las referencias a nombres y marcas comerciales, logotipos u otros signos distintivos, registrados o no, ya sean titularidad de ARCESSO DYNAMICS o de terceros, implican la prohibici\u00f3n de su uso sin el consentimiento previo y expreso de sus leg\u00edtimos titulares.\n      <\/p>\n      <p>\n        Queda prohibida la modificaci\u00f3n, copia, reutilizaci\u00f3n, explotaci\u00f3n, reproducci\u00f3n, transformaci\u00f3n, uso, tratamiento o distribuci\u00f3n, total o parcial, de los contenidos de este sitio web para finalidades p\u00fablicas o comerciales sin la autorizaci\u00f3n previa por escrito de <strong>ARCESSO DYNAMICS<\/strong> o del titular de los derechos correspondientes.\n      <\/p>\n    <\/section>\n\n    <section aria-labelledby=\"enlaces\">\n      <h2 id=\"enlaces\">Enlaces<\/h2>\n      <p>\n        Este sitio web puede contener enlaces a otros sitios web gestionados por terceros, y de cuyo contenido, utilidad o exactitud no se puede responsabilizar <strong>ARCESSO DYNAMICS<\/strong>. \n      <\/p>\n      <p>\n        La incorporaci\u00f3n de un enlace no implica recomendaci\u00f3n alguna ni relaci\u00f3n, colaboraci\u00f3n o dependencia con el sitio web enlazado. \n      <\/p>\n      <p>\n        <strong>ARCESSO DYNAMICS<\/strong> no asume responsabilidad alguna por los contenidos o actividades de sitios web de terceros. Si los usuarios tuvieran conocimiento de actividades il\u00edcitas en sitios enlazados, deber\u00e1n comunicarlo inmediatamente a <strong>ARCESSO DYNAMICS<\/strong> para proceder a su deshabilitaci\u00f3n.\n      <\/p>\n    <\/section>\n\n    <section aria-labelledby=\"limitacion-responsabilidad\">\n      <h2 id=\"limitacion-responsabilidad\">Limitaci\u00f3n de Responsabilidad<\/h2>\n      <p>\n        <strong>ARCESSO DYNAMICS<\/strong> ha adoptado todas las medidas necesarias, dentro de sus posibilidades y del estado de la tecnolog\u00eda, para garantizar el funcionamiento del sitio web y evitar la existencia y transmisi\u00f3n de virus u otros componentes da\u00f1inos.\n      <\/p>\n      <p>\n        No obstante, no puede garantizar la exactitud, fiabilidad, utilidad o veracidad de la informaci\u00f3n disponible en el sitio web. En consecuencia, no se hace responsable de la continuidad de los contenidos, de la ausencia de errores, virus o elementos da\u00f1inos, ni de la invulnerabilidad de las medidas de seguridad.\n      <\/p>\n      <p>\n        Asimismo, <strong>ARCESSO DYNAMICS<\/strong> no se responsabiliza del uso inadecuado del sitio web ni de los da\u00f1os que puedan derivarse del incumplimiento de las condiciones de uso o de la vulneraci\u00f3n de los sistemas de seguridad.\n      <\/p>\n      <p>\n        Tampoco ser\u00e1 responsable, directa ni indirectamente, de los contenidos, comunicaciones, opiniones o manifestaciones de los usuarios ni de los da\u00f1os que puedan causar a terceros.\n      <\/p>\n    <\/section>\n\n    <section aria-labelledby=\"resolucion-conflictos\">\n      <h2 id=\"resolucion-conflictos\">Resoluci\u00f3n de Conflictos, Legislaci\u00f3n Aplicable y Tribunales Competentes<\/h2>\n      <p>\n        Las condiciones del presente sitio web y las relaciones entre el usuario y <strong>ARCESSO DYNAMICS<\/strong> se regir\u00e1n por la legislaci\u00f3n espa\u00f1ola. \n      <\/p>\n      <p>\n        Para conocer de cualquier discrepancia o conflicto que pueda surgir entre ambas partes, se someten expresamente a los Jueces y Tribunales de la ciudad de <strong>Barcelona (Espa\u00f1a)<\/strong>, con renuncia expresa a cualquier otro fuero que pudiera corresponderles.\n      <\/p>\n    <\/section>\n\n  <\/article>\n<\/section>\t\t\t\t<\/div>\n\t\t\t\t<\/div>\n\t\t\t\t\t<\/div>\n\t\t\t\t<\/div>\n\t\t\t\t<\/div>","protected":false},"excerpt":{"rendered":"<p>Aviso Legal \u00daltima actualizaci\u00f3n: Septiembre 2025 Informaci\u00f3n General La titular de este sitio web, https:\/\/arcesso-dynamics.es\/, es ARCESSO DYNAMICS S.L., con NIF B-65150690, y domicilio en C\/ Dels Boters, 3-5, Parc Tecnol\u00f2gic del Vall\u00e8s, 08290 Cerdanyola del Vall\u00e8s, Barcelona (Espa\u00f1a). Inscrita en el Registro Mercantil de Barcelona, Tomo 41374, Folio 0166, Hoja 391983, Sec. General, Inscr. [&hellip;]<\/p>\n","protected":false},"author":1,"featured_media":0,"parent":0,"menu_order":0,"comment_status":"closed","ping_status":"closed","template":"elementor_header_footer","meta":{"footnotes":""},"class_list":["post-809","page","type-page","status-publish","hentry"],"_links":{"self":[{"href":"https:\/\/arcesso-dynamics.es\/en\/wp-json\/wp\/v2\/pages\/809","targetHints":{"allow":["GET"]}}],"collection":[{"href":"https:\/\/arcesso-dynamics.es\/en\/wp-json\/wp\/v2\/pages"}],"about":[{"href":"https:\/\/arcesso-dynamics.es\/en\/wp-json\/wp\/v2\/types\/page"}],"author":[{"embeddable":true,"href":"https:\/\/arcesso-dynamics.es\/en\/wp-json\/wp\/v2\/users\/1"}],"replies":[{"embeddable":true,"href":"https:\/\/arcesso-dynamics.es\/en\/wp-json\/wp\/v2\/comments?post=809"}],"version-history":[{"count":3,"href":"https:\/\/arcesso-dynamics.es\/en\/wp-json\/wp\/v2\/pages\/809\/revisions"}],"predecessor-version":[{"id":818,"href":"https:\/\/arcesso-dynamics.es\/en\/wp-json\/wp\/v2\/pages\/809\/revisions\/818"}],"wp:attachment":[{"href":"https:\/\/arcesso-dynamics.es\/en\/wp-json\/wp\/v2\/media?parent=809"}],"curies":[{"name":"wp","href":"https:\/\/api.w.org\/{rel}","templated":true}]}}