{"id":803,"date":"2025-10-09T09:50:56","date_gmt":"2025-10-09T07:50:56","guid":{"rendered":"https:\/\/arcesso-dynamics.es\/?page_id=803"},"modified":"2025-10-09T12:46:29","modified_gmt":"2025-10-09T10:46:29","slug":"politica-de-cookies","status":"publish","type":"page","link":"https:\/\/arcesso-dynamics.es\/en\/politica-de-cookies\/","title":{"rendered":"Pol\u00edtica de cookies"},"content":{"rendered":"<div data-elementor-type=\"page\" data-elementor-id=\"803\" class=\"elementor elementor-803\" data-elementor-post-type=\"page\">\n\t\t\t\t<div class=\"elementor-element elementor-element-2979993c e-flex e-con-boxed e-con e-parent\" data-id=\"2979993c\" data-element_type=\"container\">\n\t\t\t\t\t<div class=\"e-con-inner\">\n\t\t<div class=\"elementor-element elementor-element-1eb11959 e-con-full e-flex e-con e-child\" data-id=\"1eb11959\" data-element_type=\"container\" data-settings=\"{&quot;background_background&quot;:&quot;classic&quot;}\">\n\t\t\t\t<div class=\"elementor-element elementor-element-a331635 elementor-widget__width-initial elementor-widget elementor-widget-html\" data-id=\"a331635\" data-element_type=\"widget\" data-widget_type=\"html.default\">\n\t\t\t\t\t<section class=\"texto-blanco\" aria-labelledby=\"cookies-title\">\n  <header>\n    <h1 id=\"cookies-title\">Pol\u00edtica de Cookies<\/h1>\n    <p>Fecha de la \u00faltima actualizaci\u00f3n: <time datetime=\"2025-09\">Septiembre 2025<\/time><\/p>\n  <\/header>\n\n  <article>\n    <p>\n      En <strong>ARCESSO DYNAMICS<\/strong> no utilizamos cookies para recoger informaci\u00f3n personal de quienes navegan por nuestro sitio web. \u00danicamente utilizamos <strong>cookies t\u00e9cnicas<\/strong>, necesarias para permitir dicha navegaci\u00f3n.\n    <\/p>\n\n    <section aria-labelledby=\"que-es-una-cookie\">\n      <h2 id=\"que-es-una-cookie\">1. \u00bfQu\u00e9 es una cookie?<\/h2>\n      <p>\n        Una cookie es un peque\u00f1o fichero de texto que se almacena en su navegador cuando visita casi cualquier p\u00e1gina web. Su utilidad es que la web sea capaz de recordar su visita cuando vuelva a navegar por esa p\u00e1gina. Las cookies suelen almacenar informaci\u00f3n de car\u00e1cter t\u00e9cnico, preferencias personales, personalizaci\u00f3n de contenidos, estad\u00edsticas de uso, enlaces a redes sociales, acceso a cuentas de usuario, etc.\n      <\/p>\n    <\/section>\n\n    <section aria-labelledby=\"tipos-de-cookies\">\n      <h2 id=\"tipos-de-cookies\">2. \u00bfQu\u00e9 tipos de cookies existen?<\/h2>\n      <p>En funci\u00f3n de su finalidad, las cookies pueden ser:<\/p>\n      <ul>\n        <li><strong>Cookies t\u00e9cnicas o necesarias:<\/strong> ayudan a que un sitio web sea utilizable al permitir funciones b\u00e1sicas como la navegaci\u00f3n por las p\u00e1ginas y el acceso a \u00e1reas seguras del sitio web. El sitio web no puede funcionar correctamente sin estas cookies.<\/li>\n        <li><strong>Cookies de personalizaci\u00f3n, funcionalidad o configuraci\u00f3n:<\/strong> permiten que el sitio web recuerde informaci\u00f3n que modifica el comportamiento o el aspecto del sitio, como su idioma preferido o la regi\u00f3n en la que se encuentra.<\/li>\n        <li><strong>Cookies de seguridad:<\/strong> impiden o dificultan ataques contra el sitio web o sus usuarios.<\/li>\n        <li><strong>Cookies anal\u00edticas o estad\u00edsticas:<\/strong> ayudan a los propietarios de sitios web a comprender c\u00f3mo interact\u00faan los visitantes con el sitio, recopilando y proporcionando informaci\u00f3n de forma an\u00f3nima.<\/li>\n        <li><strong>Cookies publicitarias:<\/strong> gestionan la frecuencia y el contenido de los anuncios.<\/li>\n        <li><strong>Cookies de publicidad comportamental:<\/strong> almacenan informaci\u00f3n sobre los usuarios para mostrarles publicidad personalizada.<\/li>\n        <li><strong>Cookies de marketing:<\/strong> se utilizan para realizar un seguimiento de los visitantes del sitio web, mostrando anuncios relevantes y atractivos para el usuario individual, y m\u00e1s valiosos para los editores y anunciantes terceros.<\/li>\n      <\/ul>\n    <\/section>\n\n    <section aria-labelledby=\"cookies-que-usamos\">\n      <h2 id=\"cookies-que-usamos\">3. \u00bfQu\u00e9 cookies utilizamos?<\/h2>\n      <p>\n        Las cookies que utilizamos en nuestra web son las siguientes:\n      <\/p>\n\n      <table class=\"tabla-cookies\" style=\"width:100%; border-collapse:collapse; margin:1.5em 0; color:#fff;\">\n        <caption style=\"text-align:left; font-weight:bold; margin-bottom:0.5em; color:#fff;\">Listado de cookies utilizadas en este sitio web<\/caption>\n        <thead style=\"background:#222; color:#fff;\">\n          <tr>\n            <th style=\"padding:8px; text-align:left;\">Name<\/th>\n            <th style=\"padding:8px; text-align:left;\">Proveedor \/ Dominio<\/th>\n            <th style=\"padding:8px; text-align:left;\">Duraci\u00f3n<\/th>\n            <th style=\"padding:8px; text-align:left;\">Finalidad<\/th>\n            <th style=\"padding:8px; text-align:left;\">Tipo<\/th>\n          <\/tr>\n        <\/thead>\n        <tbody style=\"color:#fff;\">\n          <tr>\n            <td style=\"padding:8px;\">ARRAffinity<\/td>\n            <td style=\"padding:8px;\">snazzymaps.com<\/td>\n            <td style=\"padding:8px;\">Sesi\u00f3n<\/td>\n            <td style=\"padding:8px;\">Cookie establecida por el servicio de aplicaciones de Azure para permitir que el servicio elija la instancia correcta para entregar las solicitudes posteriores del mismo usuario.<\/td>\n            <td style=\"padding:8px;\">Terceros \u2013 Funcional<\/td>\n          <\/tr>\n          <tr>\n            <td style=\"padding:8px;\">ARRAffinitySameSite<\/td>\n            <td style=\"padding:8px;\">.snazzymaps.com<\/td>\n            <td style=\"padding:8px;\">Sesi\u00f3n<\/td>\n            <td style=\"padding:8px;\">Utilizada por la nube de Windows Azure para equilibrar la carga y dirigir las solicitudes al mismo servidor durante la sesi\u00f3n.<\/td>\n            <td style=\"padding:8px;\">Terceros \u2013 Funcional<\/td>\n          <\/tr>\n          <tr>\n            <td style=\"padding:8px;\">wpEmojiSettingsSupports<\/td>\n            <td style=\"padding:8px;\">arcesso-dynamics.es<\/td>\n            <td style=\"padding:8px;\">Sesi\u00f3n<\/td>\n            <td style=\"padding:8px;\">Detecta si el navegador del usuario puede mostrar correctamente los emojis. Establecida por WordPress.<\/td>\n            <td style=\"padding:8px;\">Propia \u2013 Necesaria<\/td>\n          <\/tr>\n          <tr>\n            <td style=\"padding:8px;\">cookieyes-consent<\/td>\n            <td style=\"padding:8px;\">arcesso-dynamics.es<\/td>\n            <td style=\"padding:8px;\">1 a\u00f1o<\/td>\n            <td style=\"padding:8px;\">Guarda las preferencias de consentimiento de cookies del usuario para respetarlas en futuras visitas.<\/td>\n            <td style=\"padding:8px;\">Propia \u2013 Necesaria<\/td>\n          <\/tr>\n          <tr>\n            <td style=\"padding:8px;\">rc::a<\/td>\n            <td style=\"padding:8px;\">google.com<\/td>\n            <td style=\"padding:8px;\">Persistente<\/td>\n            <td style=\"padding:8px;\">Establecida por Google reCAPTCHA para identificar bots y proteger el sitio frente a spam y abusos.<\/td>\n            <td style=\"padding:8px;\">Terceros \u2013 Funcional \/ Seguridad<\/td>\n          <\/tr>\n          <tr>\n            <td style=\"padding:8px;\">rc::c<\/td>\n            <td style=\"padding:8px;\">google.com<\/td>\n            <td style=\"padding:8px;\">Sesi\u00f3n<\/td>\n            <td style=\"padding:8px;\">Utilizada por Google reCAPTCHA para diferenciar entre humanos y bots.<\/td>\n            <td style=\"padding:8px;\">Terceros \u2013 Funcional \/ Seguridad<\/td>\n          <\/tr>\n        <\/tbody>\n      <\/table>\n\n      <p><em>Actualmente se utilizan principalmente cookies t\u00e9cnicas necesarias para el funcionamiento y seguridad del sitio web.<\/em><\/p>\n    <\/section>\n\n    <section aria-labelledby=\"enlaces\">\n      <h2 id=\"enlaces\">4. Enlaces<\/h2>\n      <p>\n        Este sitio web puede contener enlaces a otros sitios web gestionados por terceros, y de cuyo contenido no es responsable <strong>ARCESSO DYNAMICS<\/strong>. En caso de acceder a ellos, es la persona usuaria quien decide si acepta o no sus respectivas pol\u00edticas de privacidad y cookies.\n      <\/p>\n    <\/section>\n  <\/article>\n<\/section>\n\t\t\t\t<\/div>\n\t\t\t\t<\/div>\n\t\t\t\t\t<\/div>\n\t\t\t\t<\/div>\n\t\t\t\t<\/div>","protected":false},"excerpt":{"rendered":"<p>Pol\u00edtica de Cookies Fecha de la \u00faltima actualizaci\u00f3n: Septiembre 2025 En ARCESSO DYNAMICS no utilizamos cookies para recoger informaci\u00f3n personal de quienes navegan por nuestro sitio web. \u00danicamente utilizamos cookies t\u00e9cnicas, necesarias para permitir dicha navegaci\u00f3n. 1. \u00bfQu\u00e9 es una cookie? Una cookie es un peque\u00f1o fichero de texto que se almacena en su navegador [&hellip;]<\/p>\n","protected":false},"author":1,"featured_media":0,"parent":0,"menu_order":0,"comment_status":"closed","ping_status":"closed","template":"elementor_header_footer","meta":{"footnotes":""},"class_list":["post-803","page","type-page","status-publish","hentry"],"_links":{"self":[{"href":"https:\/\/arcesso-dynamics.es\/en\/wp-json\/wp\/v2\/pages\/803","targetHints":{"allow":["GET"]}}],"collection":[{"href":"https:\/\/arcesso-dynamics.es\/en\/wp-json\/wp\/v2\/pages"}],"about":[{"href":"https:\/\/arcesso-dynamics.es\/en\/wp-json\/wp\/v2\/types\/page"}],"author":[{"embeddable":true,"href":"https:\/\/arcesso-dynamics.es\/en\/wp-json\/wp\/v2\/users\/1"}],"replies":[{"embeddable":true,"href":"https:\/\/arcesso-dynamics.es\/en\/wp-json\/wp\/v2\/comments?post=803"}],"version-history":[{"count":5,"href":"https:\/\/arcesso-dynamics.es\/en\/wp-json\/wp\/v2\/pages\/803\/revisions"}],"predecessor-version":[{"id":843,"href":"https:\/\/arcesso-dynamics.es\/en\/wp-json\/wp\/v2\/pages\/803\/revisions\/843"}],"wp:attachment":[{"href":"https:\/\/arcesso-dynamics.es\/en\/wp-json\/wp\/v2\/media?parent=803"}],"curies":[{"name":"wp","href":"https:\/\/api.w.org\/{rel}","templated":true}]}}