{"id":791,"date":"2025-10-09T09:39:07","date_gmt":"2025-10-09T07:39:07","guid":{"rendered":"https:\/\/arcesso-dynamics.es\/?page_id=791"},"modified":"2026-03-17T16:44:27","modified_gmt":"2026-03-17T15:44:27","slug":"politica-de-privacidad","status":"publish","type":"page","link":"https:\/\/arcesso-dynamics.es\/en\/politica-de-privacidad\/","title":{"rendered":"I accept the privacy policy"},"content":{"rendered":"<div data-elementor-type=\"page\" data-elementor-id=\"791\" class=\"elementor elementor-791\" data-elementor-post-type=\"page\">\n\t\t\t\t<div class=\"elementor-element elementor-element-2979993c e-flex e-con-boxed e-con e-parent\" data-id=\"2979993c\" data-element_type=\"container\">\n\t\t\t\t\t<div class=\"e-con-inner\">\n\t\t<div class=\"elementor-element elementor-element-1eb11959 e-con-full e-flex e-con e-child\" data-id=\"1eb11959\" data-element_type=\"container\" data-settings=\"{&quot;background_background&quot;:&quot;classic&quot;}\">\n\t\t\t\t<div class=\"elementor-element elementor-element-a331635 elementor-widget__width-initial elementor-widget elementor-widget-html\" data-id=\"a331635\" data-element_type=\"widget\" data-widget_type=\"html.default\">\n\t\t\t\t\t<section aria-labelledby=\"privacidad-title\">\n  <header>\n    <h1 id=\"privacidad-title\">Pol\u00edtica de Privacidad<\/h1>\n    <p>Fecha de la \u00faltima actualizaci\u00f3n: <time datetime=\"2025-09\">Septiembre 2025<\/time><\/p>\n  <\/header>\n\n  <article>\n    <p>\n      Esta web es de car\u00e1cter informativo e incluye formularios de contacto para la recogida de datos personales.\n    <\/p>\n\n    <p>\n      En el desarrollo de nuestra actividad, en <strong>ARCESSO DYNAMICS S.L.<\/strong> (en lo sucesivo, <strong>ARCESSO DYNAMICS<\/strong>), otorgamos la m\u00e1xima importancia al respeto a la privacidad y a la seguridad de los datos personales, guiando nuestra actuaci\u00f3n por los principios que se detallan en el presente aviso y por el cumplimiento de lo establecido en el\n      <abbr title=\"Reglamento (UE) 2016\/679\">RGPD<\/abbr>, en la <abbr title=\"Ley Org\u00e1nica 3\/2018, de Protecci\u00f3n de Datos Personales y garant\u00eda de los derechos digitales\">LOPDGDD<\/abbr>, y en cualquier otra normativa aplicable en cada momento.\n    <\/p>\n\n    <section aria-labelledby=\"responsable-title\">\n      <h2 id=\"responsable-title\">Responsable del Tratamiento<\/h2>\n      <address>\n        <p><strong>Identidad:<\/strong> ARCESSO DYNAMICS S.L.<\/p>\n        <p><strong>NIF:<\/strong> B65150690<\/p>\n        <p><strong>Direcci\u00f3n postal:<\/strong> c\/dels Boters 3-5. Parc Tecnol\u00f2gic del Vall\u00e8s. Cerdanyola del Vall\u00e8s (08290)<\/p>\n        <p><strong>Tel\u00e9fono:<\/strong> <a href=\"tel:+34935792188\">+34 935 792 188<\/a><\/p>\n        <p><strong>Correo electr\u00f3nico (comercial):<\/strong> <a href=\"mailto:comercial@arcessodynamics.com\">comercial@arcessodynamics.com<\/a><\/p>\n      <\/address>\n    <\/section>\n\n    <section aria-labelledby=\"principios-title\">\n      <h2 id=\"principios-title\">Principios del Tratamiento de Datos<\/h2>\n      <p>En cualquier tratamiento de datos personales que llevemos a cabo aplicamos, entre otros, los siguientes principios:<\/p>\n      <ul>\n        <li><strong>Licitud:<\/strong> Todo tratamiento dispone de una base legal que lo legitima.<\/li>\n        <li><strong>Transparencia:<\/strong> Informamos con claridad para facilitar la comprensi\u00f3n del tratamiento.<\/li>\n        <li><strong>Limitaci\u00f3n de la finalidad:<\/strong> Identificamos claramente las finalidades en el momento de la recogida.<\/li>\n        <li><strong>Minimizaci\u00f3n de datos:<\/strong> Tratamos los datos imprescindibles para la finalidad prevista.<\/li>\n        <li><strong>Exactitud:<\/strong> Mantenemos los datos actualizados, adoptando las medidas necesarias.<\/li>\n        <li><strong>Limitaci\u00f3n del almacenamiento:<\/strong> Conservamos los datos solo el tiempo necesario y conforme a normativa.<\/li>\n        <li><strong>Integridad y confidencialidad:<\/strong> Aplicamos medidas t\u00e9cnicas y organizativas adecuadas para proteger los datos.<\/li>\n      <\/ul>\n    <\/section>\n\n    <section aria-labelledby=\"seguridad-title\">\n      <h2 id=\"seguridad-title\">Seguridad de los Datos y Responsabilidad Proactiva<\/h2>\n      <p>\n        Con el fin de velar por la seguridad de la informaci\u00f3n, ARCESSO DYNAMICS S.L. aplica medidas t\u00e9cnicas y organizativas para garantizar un nivel de seguridad adecuado de conformidad con la normativa aplicable, incluyendo la confidencialidad, integridad y disponibilidad de los datos personales.\n      <\/p>\n    <\/section>\n\n    <section aria-labelledby=\"redes-title\">\n      <h2 id=\"redes-title\">Redes Sociales<\/h2>\n      <p>\n        ARCESSO DYNAMICS tiene presencia en algunas de las principales redes sociales y act\u00faa como responsable del tratamiento respecto de los datos publicados por su parte. Trataremos los datos seg\u00fan las normas establecidas por cada red social. Mientras no se manifieste lo contrario, podremos informar a nuestros seguidores sobre actividades, eventos y temas relacionados, incluida la atenci\u00f3n al seguidor por los canales que la red social proporcione.\n      <\/p>\n      <p>\n        No extraeremos datos personales de las redes sociales salvo consentimiento expreso del usuario.\n      <\/p>\n    <\/section>\n\n    <section aria-labelledby=\"enlaces-title\">\n      <h2 id=\"enlaces-title\">Enlaces<\/h2>\n      <p>\n        Este sitio web puede incluir enlaces a otros sitios web de terceros. Al hacer clic en esos enlaces o habilitar esas conexiones, es posible que terceros recopilen o compartan datos sobre usted. Le recomendamos consultar las pol\u00edticas de privacidad de los sitios web a los que acceda. No tenemos control sobre sitios web de terceros y no somos responsables de sus declaraciones de privacidad.\n      <\/p>\n    <\/section>\n\n    <section aria-labelledby=\"derechos-title\">\n      <h2 id=\"derechos-title\">Derechos de las Personas Interesadas<\/h2>\n      <p>Las personas que nos hayan facilitado sus datos personales en el desarrollo de nuestra actividad pueden ejercer los siguientes derechos:<\/p>\n      <ul>\n        <li><strong>Acceso:<\/strong> Solicitar informaci\u00f3n sobre si tratamos sus datos y, en su caso, acceder a ellos.<\/li>\n        <li><strong>Rectificaci\u00f3n:<\/strong> Solicitar la correcci\u00f3n de datos inexactos o la compleci\u00f3n de datos incompletos.<\/li>\n        <li><strong>Supresi\u00f3n:<\/strong> Solicitar la eliminaci\u00f3n de sus datos personales.<\/li>\n        <li><strong>Limitaci\u00f3n del tratamiento:<\/strong> Solicitar restricciones al tratamiento; en tal caso, solo se conservar\u00e1n para el ejercicio o la defensa de reclamaciones.<\/li>\n        <li><strong>Oposici\u00f3n:<\/strong> Oponerse a tratamientos con determinadas finalidades.<\/li>\n        <li><strong>Portabilidad:<\/strong> Solicitar la transmisi\u00f3n de sus datos a otro responsable en los t\u00e9rminos previstos por la normativa.<\/li>\n        <li><strong>Decisiones automatizadas:<\/strong> No ser objeto de decisiones basadas \u00fanicamente en el tratamiento automatizado de sus datos personales.<\/li>\n      <\/ul>\n\n      <p>\n        Para ejercer sus derechos puede contactar con nosotros por correo postal a la direcci\u00f3n indicada en esta pol\u00edtica o por email a\n        <a href=\"mailto:belen.pose@arcessodynamics.com\">belen.pose@arcessodynamics.com<\/a>.\n      <\/p>\n      <p>\n        En la web de la Agencia Espa\u00f1ola de Protecci\u00f3n de Datos (AEPD) dispone de formularios e indicaciones espec\u00edficas:\n        <a href=\"https:\/\/www.aepd.es\/reglamento\/derechos\/index.html\" target=\"_blank\" rel=\"noopener noreferrer\">https:\/\/www.aepd.es\/reglamento\/derechos\/index.html<\/a>.\n        Asimismo, podr\u00e1 presentar una reclamaci\u00f3n ante la AEPD:\n        <a href=\"https:\/\/www.aepd.es\/\" target=\"_blank\" rel=\"noopener noreferrer\">https:\/\/www.aepd.es\/<\/a>.\n      <\/p>\n    <\/section>\n\n    <section aria-labelledby=\"cambios-title\">\n      <h2 id=\"cambios-title\">Cambios en esta Pol\u00edtica<\/h2>\n      <p>\n        ARCESSO DYNAMICS se reserva el derecho a modificar en cualquier momento este Aviso de Privacidad, por lo que recomendamos su consulta cada vez que acceda a la web.\n      <\/p>\n    <\/section>\n  <\/article>\n<\/section>\n\t\t\t\t<\/div>\n\t\t\t\t<\/div>\n\t\t\t\t\t<\/div>\n\t\t\t\t<\/div>\n\t\t\t\t<\/div>","protected":false},"excerpt":{"rendered":"<p>Pol\u00edtica de Privacidad Fecha de la \u00faltima actualizaci\u00f3n: Septiembre 2025 Esta web es de car\u00e1cter informativo e incluye formularios de contacto para la recogida de datos personales. En el desarrollo de nuestra actividad, en ARCESSO DYNAMICS S.L. (en lo sucesivo, ARCESSO DYNAMICS), otorgamos la m\u00e1xima importancia al respeto a la privacidad y a la seguridad [&hellip;]<\/p>\n","protected":false},"author":1,"featured_media":0,"parent":0,"menu_order":0,"comment_status":"closed","ping_status":"closed","template":"elementor_header_footer","meta":{"footnotes":""},"class_list":["post-791","page","type-page","status-publish","hentry"],"_links":{"self":[{"href":"https:\/\/arcesso-dynamics.es\/en\/wp-json\/wp\/v2\/pages\/791","targetHints":{"allow":["GET"]}}],"collection":[{"href":"https:\/\/arcesso-dynamics.es\/en\/wp-json\/wp\/v2\/pages"}],"about":[{"href":"https:\/\/arcesso-dynamics.es\/en\/wp-json\/wp\/v2\/types\/page"}],"author":[{"embeddable":true,"href":"https:\/\/arcesso-dynamics.es\/en\/wp-json\/wp\/v2\/users\/1"}],"replies":[{"embeddable":true,"href":"https:\/\/arcesso-dynamics.es\/en\/wp-json\/wp\/v2\/comments?post=791"}],"version-history":[{"count":9,"href":"https:\/\/arcesso-dynamics.es\/en\/wp-json\/wp\/v2\/pages\/791\/revisions"}],"predecessor-version":[{"id":1149,"href":"https:\/\/arcesso-dynamics.es\/en\/wp-json\/wp\/v2\/pages\/791\/revisions\/1149"}],"wp:attachment":[{"href":"https:\/\/arcesso-dynamics.es\/en\/wp-json\/wp\/v2\/media?parent=791"}],"curies":[{"name":"wp","href":"https:\/\/api.w.org\/{rel}","templated":true}]}}