{"id":66,"date":"2025-08-20T13:22:53","date_gmt":"2025-08-20T11:22:53","guid":{"rendered":"https:\/\/arcesso-dynamics.es\/?page_id=66"},"modified":"2026-03-17T15:54:52","modified_gmt":"2026-03-17T14:54:52","slug":"sustainability","status":"publish","type":"page","link":"https:\/\/arcesso-dynamics.es\/en\/sustainability\/","title":{"rendered":"Sustainability"},"content":{"rendered":"<div data-elementor-type=\"page\" data-elementor-id=\"66\" class=\"elementor elementor-66\" data-elementor-post-type=\"page\">\n\t\t\t\t<div class=\"elementor-element elementor-element-7fb7b78b e-con-full e-flex e-con e-parent\" data-id=\"7fb7b78b\" data-element_type=\"container\">\n\t\t<div class=\"elementor-element elementor-element-c0d5ccc e-con-full e-flex e-con e-child\" data-id=\"c0d5ccc\" data-element_type=\"container\" data-settings=\"{&quot;background_background&quot;:&quot;classic&quot;}\">\n\t\t\t\t<div class=\"elementor-element elementor-element-746dc84b elementor-widget-tablet__width-inherit elementor-widget__width-inherit elementor-hidden-tablet elementor-hidden-mobile elementor-widget elementor-widget-image\" data-id=\"746dc84b\" data-element_type=\"widget\" id=\"sos_image\" data-widget_type=\"image.default\">\n\t\t\t\t\t\t\t\t\t\t\t\t\t\t\t<img decoding=\"async\" src=\"https:\/\/arcesso-dynamics.es\/wp-content\/uploads\/2025\/08\/e27baa6047482ef5bc6087fa13ffd9a7.svg\" class=\"attachment-full size-full wp-image-67\" alt=\"\" \/>\t\t\t\t\t\t\t\t\t\t\t\t\t\t\t<\/div>\n\t\t\t\t<div class=\"elementor-element elementor-element-2698d9ef elementor-widget__width-initial elementor-widget-tablet__width-inherit elementor-widget elementor-widget-heading\" data-id=\"2698d9ef\" data-element_type=\"widget\" data-widget_type=\"heading.default\">\n\t\t\t\t\t<h1 class=\"elementor-heading-title elementor-size-default translation-block\">If innovation isn't sustainable,<br>  it's not innovation<\/h1>\t\t\t\t<\/div>\n\t\t\t\t<\/div>\n\t\t\t\t<div class=\"elementor-element elementor-element-5255dc29 elementor-widget-tablet__width-inherit elementor-widget__width-inherit elementor-widget elementor-widget-image\" data-id=\"5255dc29\" data-element_type=\"widget\" data-widget_type=\"image.default\">\n\t\t\t\t\t\t\t\t\t\t\t\t\t\t\t<img decoding=\"async\" src=\"https:\/\/arcesso-dynamics.es\/wp-content\/uploads\/2025\/08\/ce5d0193eafdabade05d36862dc4b8b4.svg\" class=\"attachment-full size-full wp-image-69\" alt=\"\" \/>\t\t\t\t\t\t\t\t\t\t\t\t\t\t\t<\/div>\n\t\t\t\t<\/div>\n\t\t<div class=\"elementor-element elementor-element-b5d8526 e-con-full e-flex e-con e-parent\" data-id=\"b5d8526\" data-element_type=\"container\">\n\t\t\t\t<div class=\"elementor-element elementor-element-beebdae elementor-widget__width-initial elementor-widget elementor-widget-text-editor\" data-id=\"beebdae\" data-element_type=\"widget\" data-widget_type=\"text-editor.default\">\n\t\t\t\t\t\t\t\t\t<p>We believe in a future where technology and respect for the planet converge. Our philosophy of sustainability forms an integral part of every molecule we design and every process we carry out.<\/p>\t\t\t\t\t\t\t\t<\/div>\n\t\t\t\t<div class=\"elementor-element elementor-element-c1beaf9 elementor-widget__width-initial elementor-widget-mobile__width-inherit elementor-widget elementor-widget-heading\" data-id=\"c1beaf9\" data-element_type=\"widget\" data-widget_type=\"heading.default\">\n\t\t\t\t\t<h2 class=\"elementor-heading-title elementor-size-default\">A positive impact, <br \/>molecule by molecule<\/h2>\t\t\t\t<\/div>\n\t\t\t\t<\/div>\n\t\t<div class=\"elementor-element elementor-element-fccc630 e-flex e-con-boxed e-con e-parent\" data-id=\"fccc630\" data-element_type=\"container\">\n\t\t\t\t\t<div class=\"e-con-inner\">\n\t\t<div class=\"elementor-element elementor-element-def9c34 e-con-full e-flex e-con e-child\" data-id=\"def9c34\" data-element_type=\"container\">\n\t\t\t\t<div class=\"elementor-element elementor-element-92b7c18 elementor-widget__width-initial elementor-widget-mobile__width-inherit elementor-widget elementor-widget-text-editor\" data-id=\"92b7c18\" data-element_type=\"widget\" data-widget_type=\"text-editor.default\">\n\t\t\t\t\t\t\t\t\t<p>Our technology is designed to deliver clear, direct and verifiable environmental benefits throughout the product's life cycle.<\/p>\t\t\t\t\t\t\t\t<\/div>\n\t\t\t\t<div class=\"elementor-element elementor-element-b23388c elementor-hidden-mobile elementor-widget elementor-widget-image\" data-id=\"b23388c\" data-element_type=\"widget\" data-widget_type=\"image.default\">\n\t\t\t\t\t\t\t\t\t\t\t\t\t\t\t<img fetchpriority=\"high\" decoding=\"async\" width=\"557\" height=\"367\" src=\"https:\/\/arcesso-dynamics.es\/wp-content\/uploads\/2025\/08\/26698460ce6b69932f96b19a1f7d1517.png\" class=\"attachment-full size-full wp-image-74\" alt=\"\" srcset=\"https:\/\/arcesso-dynamics.es\/wp-content\/uploads\/2025\/08\/26698460ce6b69932f96b19a1f7d1517.png 557w, https:\/\/arcesso-dynamics.es\/wp-content\/uploads\/2025\/08\/26698460ce6b69932f96b19a1f7d1517-300x198.png 300w\" sizes=\"(max-width: 557px) 100vw, 557px\" \/>\t\t\t\t\t\t\t\t\t\t\t\t\t\t\t<\/div>\n\t\t\t\t<\/div>\n\t\t<div class=\"elementor-element elementor-element-7760d8e e-con-full e-flex e-con e-child\" data-id=\"7760d8e\" data-element_type=\"container\">\n\t\t<div class=\"elementor-element elementor-element-550677f e-con-full e-flex e-con e-child\" data-id=\"550677f\" data-element_type=\"container\">\n\t\t<div class=\"elementor-element elementor-element-c626685 e-con-full e-flex e-con e-child\" data-id=\"c626685\" data-element_type=\"container\">\n\t\t\t\t<div class=\"elementor-element elementor-element-f328b6c elementor-widget-tablet__width-inherit elementor-widget elementor-widget-image\" data-id=\"f328b6c\" data-element_type=\"widget\" data-widget_type=\"image.default\">\n\t\t\t\t\t\t\t\t\t\t\t\t\t\t\t<img decoding=\"async\" src=\"https:\/\/arcesso-dynamics.es\/wp-content\/uploads\/2025\/08\/dfa6f4a70acb86638360c6b31eb16bf0.svg\" class=\"attachment-full size-full wp-image-70\" alt=\"\" \/>\t\t\t\t\t\t\t\t\t\t\t\t\t\t\t<\/div>\n\t\t\t\t<div class=\"elementor-element elementor-element-bc2f2d1 elementor-widget-tablet__width-inherit elementor-widget elementor-widget-image\" data-id=\"bc2f2d1\" data-element_type=\"widget\" data-widget_type=\"image.default\">\n\t\t\t\t\t\t\t\t\t\t\t\t\t\t\t<img decoding=\"async\" src=\"https:\/\/arcesso-dynamics.es\/wp-content\/uploads\/2025\/08\/8114049bf037130222277051436627be.svg\" class=\"attachment-full size-full wp-image-71\" alt=\"\" \/>\t\t\t\t\t\t\t\t\t\t\t\t\t\t\t<\/div>\n\t\t\t\t<\/div>\n\t\t\t\t<div class=\"elementor-element elementor-element-8b244f8 elementor-widget-tablet__width-inherit elementor-widget elementor-widget-image\" data-id=\"8b244f8\" data-element_type=\"widget\" data-widget_type=\"image.default\">\n\t\t\t\t\t\t\t\t\t\t\t\t\t\t\t<img decoding=\"async\" src=\"https:\/\/arcesso-dynamics.es\/wp-content\/uploads\/2025\/08\/b2e8474c620b15a253c687936e38eaee.svg\" class=\"attachment-full size-full wp-image-72\" alt=\"\" \/>\t\t\t\t\t\t\t\t\t\t\t\t\t\t\t<\/div>\n\t\t\t\t<div class=\"elementor-element elementor-element-9db0255 elementor-widget-tablet__width-inherit elementor-widget elementor-widget-image\" data-id=\"9db0255\" data-element_type=\"widget\" data-widget_type=\"image.default\">\n\t\t\t\t\t\t\t\t\t\t\t\t\t\t\t<img decoding=\"async\" src=\"https:\/\/arcesso-dynamics.es\/wp-content\/uploads\/2025\/08\/50abcec369916894a22ca667ef68af00.svg\" class=\"attachment-full size-full wp-image-73\" alt=\"\" \/>\t\t\t\t\t\t\t\t\t\t\t\t\t\t\t<\/div>\n\t\t\t\t<\/div>\n\t\t\t\t<\/div>\n\t\t<div class=\"elementor-element elementor-element-0ba5aa9 e-con-full e-flex e-con e-child\" data-id=\"0ba5aa9\" data-element_type=\"container\">\n\t\t<div class=\"elementor-element elementor-element-66eda38b e-con-full e-flex e-con e-child\" data-id=\"66eda38b\" data-element_type=\"container\">\n\t\t\t\t<div class=\"elementor-element elementor-element-674e4c5a elementor-widget__width-initial elementor-widget elementor-widget-heading\" data-id=\"674e4c5a\" data-element_type=\"widget\" data-widget_type=\"heading.default\">\n\t\t\t\t\t<div class=\"elementor-heading-title elementor-size-default\">Zero VOC Emissions<\/div>\t\t\t\t<\/div>\n\t\t\t\t<div class=\"elementor-element elementor-element-59df52ef elementor-widget__width-initial elementor-widget elementor-widget-text-editor\" data-id=\"59df52ef\" data-element_type=\"widget\" data-widget_type=\"text-editor.default\">\n\t\t\t\t\t\t\t\t\t<p>Our aliphatic polyurethane doesn't require painting, eliminating the emission of volatile compounds and reducing the energy consumed by the process.<\/p>\t\t\t\t\t\t\t\t<\/div>\n\t\t<div class=\"elementor-element elementor-element-edbc733 e-con-full e-flex e-con e-child\" data-id=\"edbc733\" data-element_type=\"container\">\n\t\t\t\t<div class=\"elementor-element elementor-element-caa80ca elementor-widget__width-initial elementor-widget elementor-widget-heading\" data-id=\"caa80ca\" data-element_type=\"widget\" data-widget_type=\"heading.default\">\n\t\t\t\t\t<div class=\"elementor-heading-title elementor-size-default\">100% Recyclable<\/div>\t\t\t\t<\/div>\n\t\t\t\t<div class=\"elementor-element elementor-element-54d49c7 elementor-widget__width-initial elementor-widget elementor-widget-text-editor\" data-id=\"54d49c7\" data-element_type=\"widget\" data-widget_type=\"text-editor.default\">\n\t\t\t\t\t\t\t\t\t<p>We create products that are 100% recyclable at the end of their useful life, as well as reincorporating obsolete material into the production cycle.<\/p>\t\t\t\t\t\t\t\t<\/div>\n\t\t\t\t<\/div>\n\t\t<div class=\"elementor-element elementor-element-551289a5 e-con-full e-flex e-con e-child\" data-id=\"551289a5\" data-element_type=\"container\">\n\t\t\t\t<div class=\"elementor-element elementor-element-2ecc7568 elementor-widget__width-initial elementor-widget elementor-widget-heading\" data-id=\"2ecc7568\" data-element_type=\"widget\" data-widget_type=\"heading.default\">\n\t\t\t\t\t<div class=\"elementor-heading-title elementor-size-default\">Responsible Origin<\/div>\t\t\t\t<\/div>\n\t\t\t\t<div class=\"elementor-element elementor-element-bd9ecdd elementor-widget__width-initial elementor-widget elementor-widget-text-editor\" data-id=\"bd9ecdd\" data-element_type=\"widget\" data-widget_type=\"text-editor.default\">\n\t\t\t\t\t\t\t\t\t<p>Our creations have a high biomass content and make use of recycled mineral fillers.<\/p>\t\t\t\t\t\t\t\t<\/div>\n\t\t\t\t<\/div>\n\t\t\t\t<\/div>\n\t\t<div class=\"elementor-element elementor-element-bbddea5 e-con-full e-flex e-con e-child\" data-id=\"bbddea5\" data-element_type=\"container\">\n\t\t\t\t<div class=\"elementor-element elementor-element-b632468 elementor-widget__width-initial elementor-widget elementor-widget-heading\" data-id=\"b632468\" data-element_type=\"widget\" data-widget_type=\"heading.default\">\n\t\t\t\t\t<div class=\"elementor-heading-title elementor-size-default\">Smaller Carbon Footprint<\/div>\t\t\t\t<\/div>\n\t\t\t\t<div class=\"elementor-element elementor-element-e6530dd elementor-widget__width-initial elementor-widget elementor-widget-text-editor\" data-id=\"e6530dd\" data-element_type=\"widget\" data-widget_type=\"text-editor.default\">\n\t\t\t\t\t\t\t\t\t<p>The energy required is very low, the lightness of our parts reduces CO2 emissions during transport and their insulating effect improves energy efficiency.<\/p>\t\t\t\t\t\t\t\t<\/div>\n\t\t\t\t<\/div>\n\t\t\t\t<\/div>\n\t\t\t\t\t<\/div>\n\t\t\t\t<\/div>\n\t\t<div class=\"elementor-element elementor-element-096e032 e-flex e-con-boxed e-con e-parent\" data-id=\"096e032\" data-element_type=\"container\">\n\t\t\t\t\t<div class=\"e-con-inner\">\n\t\t\t\t<div class=\"elementor-element elementor-element-0d39e5f elementor-widget elementor-widget-heading\" data-id=\"0d39e5f\" data-element_type=\"widget\" data-widget_type=\"heading.default\">\n\t\t\t\t\t<h2 class=\"elementor-heading-title elementor-size-default\">ARCESSO DYNAMICS takes a firm step towards sustainability by calculating its Carbon Footprint<\/h2>\t\t\t\t<\/div>\n\t\t\t\t<div class=\"elementor-element elementor-element-e31a6db elementor-widget__width-initial elementor-widget elementor-widget-text-editor\" data-id=\"e31a6db\" data-element_type=\"widget\" data-widget_type=\"text-editor.default\">\n\t\t\t\t\t\t\t\t\t<p>In its commitment to sustainability and environmental responsibility, <strong>ARCESSO DYNAMICS<\/strong> has carried out a project focused on improving its environmental performance through <strong>calculating your organization's Carbon Footprint<\/strong>, corresponding to 2<strong>024<\/strong>.<\/p><p>This project has been carried out with the <strong>support of <\/strong><a href=\"http:\/\/WWW.ACCIO.GENCAT.CAT\">ACCI\u00d3<\/a>This has allowed the company to identify and quantify the CO\u2082 emissions resulting from its operations during that period. With this initiative, ARCESSO DYNAMICS not only reinforces its environmental strategy but also consolidates its commitment to actively contributing to the fight against climate change.<\/p><p>The main objective of this work is to have a starting point for <strong>progressively reduce greenhouse gas emissions<\/strong> asociadas a sus operaciones.<\/p><p>Con acciones como esta, ARCESSO DYNAMICS reafirma su posici\u00f3n como empresa responsable, alineada con los Objetivos de Desarrollo Sostenible y con una clara visi\u00f3n hacia un futuro m\u00e1s verde y respetuoso con el medio ambiente.<\/p><p>31\/07\/2025<\/p><p>With the support of: \u00a0 \u00a0<a href=\"https:\/\/www.accio.gencat.cat\/ca\/inici\"><img decoding=\"async\" class=\"alignnone wp-image-905 size-full\" src=\"https:\/\/arcesso-dynamics.es\/wp-content\/uploads\/2025\/10\/accio.png\" alt=\"\" width=\"266\" height=\"62\" srcset=\"https:\/\/arcesso-dynamics.es\/wp-content\/uploads\/2025\/10\/accio.png 266w, https:\/\/arcesso-dynamics.es\/wp-content\/uploads\/2025\/10\/accio-18x4.png 18w\" sizes=\"(max-width: 266px) 100vw, 266px\" \/><\/a><\/p>\t\t\t\t\t\t\t\t<\/div>\n\t\t\t\t\t<\/div>\n\t\t\t\t<\/div>\n\t\t\t\t<\/div>","protected":false},"excerpt":{"rendered":"<p>Si la innovaci\u00f3n no es sostenible, no es innovaci\u00f3n Creemos en un futuro donde la tecnolog\u00eda y el respeto por el planeta convergen. Nuestra filosof\u00eda de sostenibilidad se integra en cada mol\u00e9cula que dise\u00f1amos y en cada proceso que ejecutamos. Un impacto positivo, mol\u00e9cula a mol\u00e9cula Nuestra tecnolog\u00eda est\u00e1 dise\u00f1ada para aportar beneficios medioambientales claros, [&hellip;]<\/p>\n","protected":false},"author":1,"featured_media":0,"parent":0,"menu_order":0,"comment_status":"closed","ping_status":"closed","template":"elementor_header_footer","meta":{"footnotes":""},"class_list":["post-66","page","type-page","status-publish","hentry"],"_links":{"self":[{"href":"https:\/\/arcesso-dynamics.es\/en\/wp-json\/wp\/v2\/pages\/66","targetHints":{"allow":["GET"]}}],"collection":[{"href":"https:\/\/arcesso-dynamics.es\/en\/wp-json\/wp\/v2\/pages"}],"about":[{"href":"https:\/\/arcesso-dynamics.es\/en\/wp-json\/wp\/v2\/types\/page"}],"author":[{"embeddable":true,"href":"https:\/\/arcesso-dynamics.es\/en\/wp-json\/wp\/v2\/users\/1"}],"replies":[{"embeddable":true,"href":"https:\/\/arcesso-dynamics.es\/en\/wp-json\/wp\/v2\/comments?post=66"}],"version-history":[{"count":34,"href":"https:\/\/arcesso-dynamics.es\/en\/wp-json\/wp\/v2\/pages\/66\/revisions"}],"predecessor-version":[{"id":1137,"href":"https:\/\/arcesso-dynamics.es\/en\/wp-json\/wp\/v2\/pages\/66\/revisions\/1137"}],"wp:attachment":[{"href":"https:\/\/arcesso-dynamics.es\/en\/wp-json\/wp\/v2\/media?parent=66"}],"curies":[{"name":"wp","href":"https:\/\/api.w.org\/{rel}","templated":true}]}}