{"id":27,"date":"2025-08-20T13:22:26","date_gmt":"2025-08-20T11:22:26","guid":{"rendered":"https:\/\/arcesso-dynamics.es\/?page_id=27"},"modified":"2026-01-27T12:07:49","modified_gmt":"2026-01-27T11:07:49","slug":"inicio","status":"publish","type":"page","link":"https:\/\/arcesso-dynamics.es\/en","title":{"rendered":"HOME"},"content":{"rendered":"<div data-elementor-type=\"page\" data-elementor-id=\"27\" class=\"elementor elementor-27\" data-elementor-post-type=\"page\">\n\t\t\t\t<div class=\"elementor-element elementor-element-7a5bb06b e-con-full e-flex e-con e-parent\" data-id=\"7a5bb06b\" data-element_type=\"container\">\n\t\t<div class=\"elementor-element elementor-element-5093cfd8 e-con-full e-flex e-con e-child\" data-id=\"5093cfd8\" data-element_type=\"container\" data-settings=\"{&quot;background_background&quot;:&quot;classic&quot;}\">\n\t\t<div class=\"elementor-element elementor-element-2c154cba e-con-full e-flex e-con e-child\" data-id=\"2c154cba\" data-element_type=\"container\" data-settings=\"{&quot;background_background&quot;:&quot;classic&quot;}\">\n\t\t<div class=\"elementor-element elementor-element-73be67fb e-con-full e-flex e-con e-child\" data-id=\"73be67fb\" data-element_type=\"container\">\n\t\t<div class=\"elementor-element elementor-element-276a6d4b e-con-full e-flex e-con e-child\" data-id=\"276a6d4b\" data-element_type=\"container\">\n\t\t\t\t<div class=\"elementor-element elementor-element-651ed8ca elementor-widget__width-initial elementor-widget elementor-widget-heading\" data-id=\"651ed8ca\" data-element_type=\"widget\" data-widget_type=\"heading.default\">\n\t\t\t\t\t<div class=\"elementor-heading-title elementor-size-default\">Press play to create<\/div>\t\t\t\t<\/div>\n\t\t\t\t<div class=\"elementor-element elementor-element-f26e509 elementor-widget__width-initial elementor-widget elementor-widget-shortcode\" data-id=\"f26e509\" data-element_type=\"widget\" data-widget_type=\"shortcode.default\">\n\t\t\t\t\t\t\t<div class=\"elementor-shortcode\"><a rel=\"noreferrer\" href=\"https:\/\/arcesso-dynamics.es\/wp-content\/uploads\/2025\/09\/ArcessoVideo.mp4\" class=\"vp-a vp-mp4-type vp-modal-click vp-modal-click_shortcode vp-has-img\"><img decoding=\"async\" class=\"vp-img\" src=\"https:\/\/arcesso-dynamics.es\/wp-content\/uploads\/2025\/08\/edadedbd45e08d41c8fb6df88b2ae33d.svg\"><\/a><\/div>\n\t\t\t\t\t\t<\/div>\n\t\t\t\t<div class=\"elementor-element elementor-element-74c95d4 elementor-widget__width-initial elementor-widget elementor-widget-shortcode\" data-id=\"74c95d4\" data-element_type=\"widget\" data-widget_type=\"shortcode.default\">\n\t\t\t\t\t\t\t<div class=\"elementor-shortcode\"><a rel=\"noreferrer\" href=\"https:\/\/arcesso-dynamics.es\/wp-content\/uploads\/2025\/10\/Arcesso_Video-Hero_BAJA_EN.mp4\" class=\"vp-a vp-mp4-type vp-modal-click vp-modal-click_shortcode vp-has-img\"><img decoding=\"async\" class=\"vp-img\" src=\"https:\/\/arcesso-dynamics.es\/wp-content\/uploads\/2025\/08\/edadedbd45e08d41c8fb6df88b2ae33d.svg\"><\/a><\/div>\n\t\t\t\t\t\t<\/div>\n\t\t\t\t<\/div>\n\t\t\t\t<\/div>\n\t\t\t\t<\/div>\n\t\t\t\t<\/div>\n\t\t<div class=\"elementor-element elementor-element-4819951 e-con-full e-flex e-con e-child\" data-id=\"4819951\" data-element_type=\"container\">\n\t\t<div class=\"elementor-element elementor-element-338a040 e-con-full e-flex e-con e-child\" data-id=\"338a040\" data-element_type=\"container\" data-settings=\"{&quot;background_background&quot;:&quot;classic&quot;}\">\n\t\t\t\t<div class=\"elementor-element elementor-element-253ef6b elementor-widget-tablet__width-inherit elementor-widget__width-inherit elementor-widget elementor-widget-image\" data-id=\"253ef6b\" data-element_type=\"widget\" data-widget_type=\"image.default\">\n\t\t\t\t\t\t\t\t\t\t\t\t\t\t\t<img fetchpriority=\"high\" decoding=\"async\" width=\"979\" height=\"804\" src=\"https:\/\/arcesso-dynamics.es\/wp-content\/uploads\/2025\/08\/34e7986182d33410aee59febfbcb9692.png\" class=\"attachment-full size-full wp-image-35\" alt=\"\" srcset=\"https:\/\/arcesso-dynamics.es\/wp-content\/uploads\/2025\/08\/34e7986182d33410aee59febfbcb9692.png 979w, https:\/\/arcesso-dynamics.es\/wp-content\/uploads\/2025\/08\/34e7986182d33410aee59febfbcb9692-300x246.png 300w, https:\/\/arcesso-dynamics.es\/wp-content\/uploads\/2025\/08\/34e7986182d33410aee59febfbcb9692-768x631.png 768w\" sizes=\"(max-width: 979px) 100vw, 979px\" \/>\t\t\t\t\t\t\t\t\t\t\t\t\t\t\t<\/div>\n\t\t\t\t<\/div>\n\t\t<div class=\"elementor-element elementor-element-c5e0b7a e-con-full e-flex e-con e-child\" data-id=\"c5e0b7a\" data-element_type=\"container\" data-settings=\"{&quot;background_background&quot;:&quot;classic&quot;}\">\n\t\t\t\t<div class=\"elementor-element elementor-element-9de4e2f elementor-widget__width-initial elementor-widget-tablet__width-initial elementor-widget elementor-widget-heading\" data-id=\"9de4e2f\" data-element_type=\"widget\" data-widget_type=\"heading.default\">\n\t\t\t\t\t<h1 class=\"elementor-heading-title elementor-size-default\">If you can imagine it, we can make it happen<\/h1>\t\t\t\t<\/div>\n\t\t<div class=\"elementor-element elementor-element-02c8a6b e-con-full e-flex e-con e-child\" data-id=\"02c8a6b\" data-element_type=\"container\">\n\t\t\t\t<div class=\"elementor-element elementor-element-0a50e52 elementor-widget__width-initial elementor-widget-mobile__width-inherit elementor-widget elementor-widget-text-editor\" data-id=\"0a50e52\" data-element_type=\"widget\" data-widget_type=\"text-editor.default\">\n\t\t\t\t\t\t\t\t\t<p>We combine R&amp;D&amp;I, design and technology to transform your vision into unique\u00a0<a href=\"\/en\/solutions\/\"><strong>Solid Surface<\/strong><\/a>\u00a0through end-to-end creation. More than just a supplier, we're your partner in innovation.<\/p>\t\t\t\t\t\t\t\t<\/div>\n\t\t\t\t<div class=\"elementor-element elementor-element-08b6974 elementor-widget elementor-widget-button\" data-id=\"08b6974\" data-element_type=\"widget\" data-widget_type=\"button.default\">\n\t\t\t\t\t\t\t\t\t\t<a class=\"elementor-button elementor-button-link elementor-size-sm\" href=\"\/en\/company\/#nuestro-ecosistema\">\n\t\t\t\t\t\t<span class=\"elementor-button-content-wrapper\">\n\t\t\t\t\t\t\t\t\t<span class=\"elementor-button-text\">Our services<\/span>\n\t\t\t\t\t<\/span>\n\t\t\t\t\t<\/a>\n\t\t\t\t\t\t\t\t<\/div>\n\t\t\t\t<\/div>\n\t\t\t\t<\/div>\n\t\t\t\t<\/div>\n\t\t\t\t<\/div>\n\t\t<div class=\"elementor-element elementor-element-43784b17 e-con-full e-flex e-con e-parent\" data-id=\"43784b17\" data-element_type=\"container\" data-settings=\"{&quot;background_background&quot;:&quot;classic&quot;}\">\n\t\t<div class=\"elementor-element elementor-element-3958bb5 e-con-full e-transform e-flex e-con e-child\" data-id=\"3958bb5\" data-element_type=\"container\" data-settings=\"{&quot;_transform_rotateZ_effect&quot;:{&quot;unit&quot;:&quot;px&quot;,&quot;size&quot;:-21,&quot;sizes&quot;:[]},&quot;_transform_rotateZ_effect_tablet&quot;:{&quot;unit&quot;:&quot;deg&quot;,&quot;size&quot;:&quot;&quot;,&quot;sizes&quot;:[]},&quot;_transform_rotateZ_effect_mobile&quot;:{&quot;unit&quot;:&quot;deg&quot;,&quot;size&quot;:&quot;&quot;,&quot;sizes&quot;:[]}}\">\n\t\t\t\t<div class=\"elementor-element elementor-element-f986cde elementor-widget__width-inherit elementor-widget elementor-widget-image\" data-id=\"f986cde\" data-element_type=\"widget\" data-widget_type=\"image.default\">\n\t\t\t\t\t\t\t\t\t\t\t\t\t\t\t<img decoding=\"async\" width=\"338\" height=\"348\" src=\"https:\/\/arcesso-dynamics.es\/wp-content\/uploads\/2025\/08\/round_gradient.png\" class=\"attachment-full size-full wp-image-147\" alt=\"\" srcset=\"https:\/\/arcesso-dynamics.es\/wp-content\/uploads\/2025\/08\/round_gradient.png 338w, https:\/\/arcesso-dynamics.es\/wp-content\/uploads\/2025\/08\/round_gradient-291x300.png 291w\" sizes=\"(max-width: 338px) 100vw, 338px\" \/>\t\t\t\t\t\t\t\t\t\t\t\t\t\t\t<\/div>\n\t\t\t\t<\/div>\n\t\t\t\t<div class=\"elementor-element elementor-element-2c54caed elementor-widget__width-initial elementor-widget-mobile__width-inherit elementor-widget elementor-widget-heading\" data-id=\"2c54caed\" data-element_type=\"widget\" data-widget_type=\"heading.default\">\n\t\t\t\t\t<h2 class=\"elementor-heading-title elementor-size-default\">R&amp;D&amp;I<br \/>More than a decade creating the future<\/h2>\t\t\t\t<\/div>\n\t\t\t\t<div class=\"elementor-element elementor-element-1d7639d7 elementor-widget__width-initial elementor-widget-mobile__width-inherit elementor-widget elementor-widget-text-editor\" data-id=\"1d7639d7\" data-element_type=\"widget\" data-widget_type=\"text-editor.default\">\n\t\t\t\t\t\t\t\t\t<p>Our experience is the foundation on which we build tomorrow's innovation, with proven know-how in the most competitive and regulated sectors: mobility, medical and healthcare, banking, lighting, habitat, etc.<\/p>\t\t\t\t\t\t\t\t<\/div>\n\t\t<div class=\"elementor-element elementor-element-2ec7b550 e-con-full e-flex e-con e-child\" data-id=\"2ec7b550\" data-element_type=\"container\">\n\t\t<div class=\"elementor-element elementor-element-36c94728 e-con-full e-flex e-con e-child\" data-id=\"36c94728\" data-element_type=\"container\" data-settings=\"{&quot;background_background&quot;:&quot;classic&quot;}\">\n\t\t<div class=\"elementor-element elementor-element-3bdfff2e e-con-full e-flex e-con e-child\" data-id=\"3bdfff2e\" data-element_type=\"container\">\n\t\t\t\t<div class=\"elementor-element elementor-element-462d06 elementor-widget__width-initial elementor-widget elementor-widget-heading\" data-id=\"462d06\" data-element_type=\"widget\" data-widget_type=\"heading.default\">\n\t\t\t\t\t<div class=\"elementor-heading-title elementor-size-default\">01<\/div>\t\t\t\t<\/div>\n\t\t\t\t<\/div>\n\t\t\t\t<div class=\"elementor-element elementor-element-330a9290 elementor-widget__width-initial elementor-widget elementor-widget-heading\" data-id=\"330a9290\" data-element_type=\"widget\" data-widget_type=\"heading.default\">\n\t\t\t\t\t<div class=\"elementor-heading-title elementor-size-default\">Innovating<br \/>since 2010<\/div>\t\t\t\t<\/div>\n\t\t\t\t<div class=\"elementor-element elementor-element-42214357 elementor-widget__width-initial elementor-widget elementor-widget-text-editor\" data-id=\"42214357\" data-element_type=\"widget\" data-widget_type=\"text-editor.default\">\n\t\t\t\t\t\t\t\t\t<p>Manufacturing customised solutions to tackle the most complex challenges.<\/p>\t\t\t\t\t\t\t\t<\/div>\n\t\t\t\t<\/div>\n\t\t<div class=\"elementor-element elementor-element-4ee9205 e-con-full e-flex e-con e-child\" data-id=\"4ee9205\" data-element_type=\"container\" data-settings=\"{&quot;background_background&quot;:&quot;classic&quot;}\">\n\t\t<div class=\"elementor-element elementor-element-61380a2c e-con-full e-flex e-con e-child\" data-id=\"61380a2c\" data-element_type=\"container\">\n\t\t\t\t<div class=\"elementor-element elementor-element-af3c0db elementor-widget__width-initial elementor-widget elementor-widget-heading\" data-id=\"af3c0db\" data-element_type=\"widget\" data-widget_type=\"heading.default\">\n\t\t\t\t\t<div class=\"elementor-heading-title elementor-size-default\">02<\/div>\t\t\t\t<\/div>\n\t\t\t\t<\/div>\n\t\t\t\t<div class=\"elementor-element elementor-element-4544403c elementor-widget__width-initial elementor-widget elementor-widget-heading\" data-id=\"4544403c\" data-element_type=\"widget\" data-widget_type=\"heading.default\">\n\t\t\t\t\t<div class=\"elementor-heading-title elementor-size-default\">Experience that transforms<\/div>\t\t\t\t<\/div>\n\t\t\t\t<div class=\"elementor-element elementor-element-1056b5a3 elementor-widget__width-initial elementor-widget elementor-widget-text-editor\" data-id=\"1056b5a3\" data-element_type=\"widget\" data-widget_type=\"text-editor.default\">\n\t\t\t\t\t\t\t\t\t<p>We turn your idea into a successful, market-ready product.<\/p>\t\t\t\t\t\t\t\t<\/div>\n\t\t\t\t<\/div>\n\t\t<div class=\"elementor-element elementor-element-613cc9e7 e-con-full e-flex e-con e-child\" data-id=\"613cc9e7\" data-element_type=\"container\" data-settings=\"{&quot;background_background&quot;:&quot;classic&quot;}\">\n\t\t<div class=\"elementor-element elementor-element-2614806 e-con-full e-flex e-con e-child\" data-id=\"2614806\" data-element_type=\"container\">\n\t\t\t\t<div class=\"elementor-element elementor-element-463c913e elementor-widget__width-initial elementor-widget elementor-widget-heading\" data-id=\"463c913e\" data-element_type=\"widget\" data-widget_type=\"heading.default\">\n\t\t\t\t\t<div class=\"elementor-heading-title elementor-size-default\">03<\/div>\t\t\t\t<\/div>\n\t\t\t\t<\/div>\n\t\t\t\t<div class=\"elementor-element elementor-element-6ec3a6ed elementor-widget__width-initial elementor-widget elementor-widget-heading\" data-id=\"6ec3a6ed\" data-element_type=\"widget\" data-widget_type=\"heading.default\">\n\t\t\t\t\t<div class=\"elementor-heading-title elementor-size-default\">Leading <br \/>innovation<\/div>\t\t\t\t<\/div>\n\t\t\t\t<div class=\"elementor-element elementor-element-41b66aa3 elementor-widget__width-initial elementor-widget elementor-widget-text-editor\" data-id=\"41b66aa3\" data-element_type=\"widget\" data-widget_type=\"text-editor.default\">\n\t\t\t\t\t\t\t\t\t<p>We're pioneers in the development of advanced polyurethane and Solid Surface products.<\/p>\t\t\t\t\t\t\t\t<\/div>\n\t\t\t\t<\/div>\n\t\t\t\t<\/div>\n\t\t\t\t<\/div>\n\t\t<div class=\"elementor-element elementor-element-1e31c1df e-flex e-con-boxed e-con e-parent\" data-id=\"1e31c1df\" data-element_type=\"container\">\n\t\t\t\t\t<div class=\"e-con-inner\">\n\t\t<div class=\"elementor-element elementor-element-123c722f e-con-full e-flex e-con e-child\" data-id=\"123c722f\" data-element_type=\"container\">\n\t\t<div class=\"elementor-element elementor-element-18a816e3 e-con-full e-flex e-con e-child\" data-id=\"18a816e3\" data-element_type=\"container\">\n\t\t\t\t<div class=\"elementor-element elementor-element-33d6b50b elementor-widget elementor-widget-image\" data-id=\"33d6b50b\" data-element_type=\"widget\" data-widget_type=\"image.default\">\n\t\t\t\t\t\t\t\t\t\t\t\t\t\t\t<img decoding=\"async\" width=\"597\" height=\"444\" src=\"https:\/\/arcesso-dynamics.es\/wp-content\/uploads\/2025\/08\/3c25ff83eae9a040b8815e0841cf2715.png\" class=\"attachment-full size-full wp-image-43\" alt=\"\" srcset=\"https:\/\/arcesso-dynamics.es\/wp-content\/uploads\/2025\/08\/3c25ff83eae9a040b8815e0841cf2715.png 597w, https:\/\/arcesso-dynamics.es\/wp-content\/uploads\/2025\/08\/3c25ff83eae9a040b8815e0841cf2715-300x223.png 300w\" sizes=\"(max-width: 597px) 100vw, 597px\" \/>\t\t\t\t\t\t\t\t\t\t\t\t\t\t\t<\/div>\n\t\t<div class=\"elementor-element elementor-element-4141ba33 e-con-full e-flex e-con e-child\" data-id=\"4141ba33\" data-element_type=\"container\">\n\t\t\t\t<div class=\"elementor-element elementor-element-5ce59b81 elementor-widget__width-initial elementor-widget elementor-widget-heading\" data-id=\"5ce59b81\" data-element_type=\"widget\" data-widget_type=\"heading.default\">\n\t\t\t\t\t<h2 class=\"elementor-heading-title elementor-size-default translation-block\">Driving creation: <br> our talent<\/h2>\t\t\t\t<\/div>\n\t\t\t\t<div class=\"elementor-element elementor-element-35c88fb4 elementor-widget__width-initial elementor-widget-mobile__width-inherit elementor-widget elementor-widget-text-editor\" data-id=\"35c88fb4\" data-element_type=\"widget\" data-widget_type=\"text-editor.default\">\n\t\t\t\t\t\t\t\t\t<p>Behind every solution there's a team of chemists, engineers and technicians who are passionate about pushing the boundaries of materials. We're an extension of your own team.<\/p>\t\t\t\t\t\t\t\t<\/div>\n\t\t\t\t<\/div>\n\t\t\t\t<\/div>\n\t\t<div class=\"elementor-element elementor-element-3540f8b e-con-full e-flex e-con e-child\" data-id=\"3540f8b\" data-element_type=\"container\">\n\t\t<div class=\"elementor-element elementor-element-156dc82b e-con-full e-flex e-con e-child\" data-id=\"156dc82b\" data-element_type=\"container\">\n\t\t\t\t<div class=\"elementor-element elementor-element-1135ab36 elementor-widget__width-initial elementor-widget elementor-widget-heading\" data-id=\"1135ab36\" data-element_type=\"widget\" data-widget_type=\"heading.default\">\n\t\t\t\t\t<h2 class=\"elementor-heading-title elementor-size-default translation-block\">End-to-end technology<\/h2>\t\t\t\t<\/div>\n\t\t\t\t<div class=\"elementor-element elementor-element-1226a67b elementor-widget__width-initial elementor-widget-mobile__width-inherit elementor-widget elementor-widget-text-editor\" data-id=\"1226a67b\" data-element_type=\"widget\" data-widget_type=\"text-editor.default\">\n\t\t\t\t\t\t\t\t\t<p>We've created our own technological ecosystem: formulating raw materials and manufacturing our own machines to optimise materials and processes. Total control for unprecedented quality and precision.<\/p>\t\t\t\t\t\t\t\t<\/div>\n\t\t\t\t<\/div>\n\t\t\t\t<div class=\"elementor-element elementor-element-6d6e8e20 elementor-widget elementor-widget-image\" data-id=\"6d6e8e20\" data-element_type=\"widget\" data-widget_type=\"image.default\">\n\t\t\t\t\t\t\t\t\t\t\t\t\t\t\t<img loading=\"lazy\" decoding=\"async\" width=\"645\" height=\"445\" src=\"https:\/\/arcesso-dynamics.es\/wp-content\/uploads\/2025\/08\/ddbb6dfd9319f83c7a31dc4e5662f51e.png\" class=\"attachment-full size-full wp-image-44\" alt=\"\" srcset=\"https:\/\/arcesso-dynamics.es\/wp-content\/uploads\/2025\/08\/ddbb6dfd9319f83c7a31dc4e5662f51e.png 645w, https:\/\/arcesso-dynamics.es\/wp-content\/uploads\/2025\/08\/ddbb6dfd9319f83c7a31dc4e5662f51e-300x207.png 300w\" sizes=\"(max-width: 645px) 100vw, 645px\" \/>\t\t\t\t\t\t\t\t\t\t\t\t\t\t\t<\/div>\n\t\t\t\t<\/div>\n\t\t<div class=\"elementor-element elementor-element-35178721 e-con-full e-flex e-con e-child\" data-id=\"35178721\" data-element_type=\"container\">\n\t\t<div class=\"elementor-element elementor-element-4c51a356 e-con-full e-flex e-con e-child\" data-id=\"4c51a356\" data-element_type=\"container\">\n\t\t<div class=\"elementor-element elementor-element-7da76a84 e-con-full e-flex e-con e-child\" data-id=\"7da76a84\" data-element_type=\"container\">\n\t\t\t\t<div class=\"elementor-element elementor-element-2d492faf elementor-widget__width-initial elementor-widget elementor-widget-heading\" data-id=\"2d492faf\" data-element_type=\"widget\" data-widget_type=\"heading.default\">\n\t\t\t\t\t<h2 class=\"elementor-heading-title elementor-size-default\">Our partners<\/h2>\t\t\t\t<\/div>\n\t\t\t\t<div class=\"elementor-element elementor-element-4214e386 elementor-widget__width-initial elementor-widget elementor-widget-heading\" data-id=\"4214e386\" data-element_type=\"widget\" data-widget_type=\"heading.default\">\n\t\t\t\t\t<h2 class=\"elementor-heading-title elementor-size-default\">Trust in our creative ability<\/h2>\t\t\t\t<\/div>\n\t\t\t\t<\/div>\n\t\t\t\t<div class=\"elementor-element elementor-element-5d458612 elementor-widget-tablet__width-inherit elementor-widget elementor-widget-image\" data-id=\"5d458612\" data-element_type=\"widget\" data-widget_type=\"image.default\">\n\t\t\t\t\t\t\t\t\t\t\t\t\t\t\t<img decoding=\"async\" src=\"https:\/\/arcesso-dynamics.es\/wp-content\/uploads\/2025\/10\/logos_arcesso_cliente-1.svg\" class=\"attachment-full size-full wp-image-775\" alt=\"\" \/>\t\t\t\t\t\t\t\t\t\t\t\t\t\t\t<\/div>\n\t\t\t\t<\/div>\n\t\t\t\t<\/div>\n\t\t\t\t<\/div>\n\t\t\t\t\t<\/div>\n\t\t\t\t<\/div>\n\t\t<div class=\"elementor-element elementor-element-cecfd73 e-con-full e-flex e-con e-child\" data-id=\"cecfd73\" data-element_type=\"container\" data-settings=\"{&quot;background_background&quot;:&quot;classic&quot;}\">\n\t\t<div class=\"elementor-element elementor-element-009cc07 e-con-full e-flex e-con e-child\" data-id=\"009cc07\" data-element_type=\"container\" data-settings=\"{&quot;background_background&quot;:&quot;classic&quot;}\">\n\t\t\t\t<div class=\"elementor-element elementor-element-d6cf037 elementor-widget__width-initial elementor-widget elementor-widget-heading\" data-id=\"d6cf037\" data-element_type=\"widget\" data-widget_type=\"heading.default\">\n\t\t\t\t\t<h2 class=\"elementor-heading-title elementor-size-default\">Do you have an idea? <br \/>Let's make it happen<\/h2>\t\t\t\t<\/div>\n\t\t\t\t<div class=\"elementor-element elementor-element-f99a968 elementor-widget__width-initial elementor-widget-tablet__width-initial elementor-widget elementor-widget-text-editor\" data-id=\"f99a968\" data-element_type=\"widget\" data-widget_type=\"text-editor.default\">\n\t\t\t\t\t\t\t\t\t<p>Contact our team and discover how our end-to-end process can take your project beyond your wildest dreams.<\/p>\t\t\t\t\t\t\t\t<\/div>\n\t\t\t\t<div class=\"elementor-element elementor-element-795537c elementor-widget elementor-widget-button\" data-id=\"795537c\" data-element_type=\"widget\" data-widget_type=\"button.default\">\n\t\t\t\t\t\t\t\t\t\t<a class=\"elementor-button elementor-button-link elementor-size-sm\" href=\"https:\/\/arcesso-dynamics.es\/en\/contact\/#form\">\n\t\t\t\t\t\t<span class=\"elementor-button-content-wrapper\">\n\t\t\t\t\t\t\t\t\t<span class=\"elementor-button-text\">Tell us about your project<\/span>\n\t\t\t\t\t<\/span>\n\t\t\t\t\t<\/a>\n\t\t\t\t\t\t\t\t<\/div>\n\t\t\t\t<\/div>\n\t\t\t\t<\/div>\n\t\t\t\t<\/div>","protected":false},"excerpt":{"rendered":"<p>Dale play a la creaci\u00f3n Si puedes imaginarlo, podemos materializarlo Fusionamos I+D+i, dise\u00f1o y tecnolog\u00eda para transformar tu visi\u00f3n en soluciones \u00fanicas de poliuretano y\u00a0Solid Surface, con un proceso de creaci\u00f3n End to End. M\u00e1s que un proveedor, somos tu partner en innovaci\u00f3n. Nuestros servicios I+D+iM\u00e1s de una d\u00e9cada creando el futuro Nuestra experiencia es [&hellip;]<\/p>\n","protected":false},"author":1,"featured_media":0,"parent":0,"menu_order":0,"comment_status":"closed","ping_status":"closed","template":"elementor_header_footer","meta":{"footnotes":""},"class_list":["post-27","page","type-page","status-publish","hentry"],"_links":{"self":[{"href":"https:\/\/arcesso-dynamics.es\/en\/wp-json\/wp\/v2\/pages\/27","targetHints":{"allow":["GET"]}}],"collection":[{"href":"https:\/\/arcesso-dynamics.es\/en\/wp-json\/wp\/v2\/pages"}],"about":[{"href":"https:\/\/arcesso-dynamics.es\/en\/wp-json\/wp\/v2\/types\/page"}],"author":[{"embeddable":true,"href":"https:\/\/arcesso-dynamics.es\/en\/wp-json\/wp\/v2\/users\/1"}],"replies":[{"embeddable":true,"href":"https:\/\/arcesso-dynamics.es\/en\/wp-json\/wp\/v2\/comments?post=27"}],"version-history":[{"count":77,"href":"https:\/\/arcesso-dynamics.es\/en\/wp-json\/wp\/v2\/pages\/27\/revisions"}],"predecessor-version":[{"id":1065,"href":"https:\/\/arcesso-dynamics.es\/en\/wp-json\/wp\/v2\/pages\/27\/revisions\/1065"}],"wp:attachment":[{"href":"https:\/\/arcesso-dynamics.es\/en\/wp-json\/wp\/v2\/media?parent=27"}],"curies":[{"name":"wp","href":"https:\/\/api.w.org\/{rel}","templated":true}]}}