{"id":262,"date":"2025-08-29T10:42:57","date_gmt":"2025-08-29T08:42:57","guid":{"rendered":"https:\/\/arcesso-dynamics.es\/?page_id=262"},"modified":"2026-03-17T17:08:58","modified_gmt":"2026-03-17T16:08:58","slug":"solutions","status":"publish","type":"page","link":"https:\/\/arcesso-dynamics.es\/en\/solutions\/","title":{"rendered":"Solutions"},"content":{"rendered":"<div data-elementor-type=\"page\" data-elementor-id=\"262\" class=\"elementor elementor-262\" data-elementor-post-type=\"page\">\n\t\t\t\t<div class=\"elementor-element elementor-element-546423e4 e-con-full e-flex e-con e-parent\" data-id=\"546423e4\" data-element_type=\"container\" data-settings=\"{&quot;background_background&quot;:&quot;classic&quot;}\">\n\t\t<div class=\"elementor-element elementor-element-2c754fab e-con-full e-flex e-con e-child\" data-id=\"2c754fab\" data-element_type=\"container\">\n\t\t<div class=\"elementor-element elementor-element-1932b79d e-con-full e-flex e-con e-child\" data-id=\"1932b79d\" data-element_type=\"container\">\n\t\t<div class=\"elementor-element elementor-element-14dacf4c e-con-full e-flex e-con e-child\" data-id=\"14dacf4c\" data-element_type=\"container\" data-settings=\"{&quot;background_background&quot;:&quot;classic&quot;}\">\n\t\t<div class=\"elementor-element elementor-element-54a2f4be e-con-full e-flex e-con e-child\" data-id=\"54a2f4be\" data-element_type=\"container\">\n\t\t\t\t<div class=\"elementor-element elementor-element-221a54a7 elementor-widget__width-inherit elementor-widget-mobile__width-initial elementor-widget elementor-widget-heading\" data-id=\"221a54a7\" data-element_type=\"widget\" data-widget_type=\"heading.default\">\n\t\t\t\t\t<h1 class=\"elementor-heading-title elementor-size-default translation-block\">Solid Surface <br> solutions<\/h1>\t\t\t\t<\/div>\n\t\t\t\t<\/div>\n\t\t\t\t<\/div>\n\t\t\t\t<\/div>\n\t\t\t\t<\/div>\n\t\t\t\t<\/div>\n\t\t<div class=\"elementor-element elementor-element-1240e44 e-con-full e-flex e-con e-parent\" data-id=\"1240e44\" data-element_type=\"container\">\n\t\t\t\t<div class=\"elementor-element elementor-element-ffb098c elementor-widget__width-initial elementor-widget elementor-widget-text-editor\" data-id=\"ffb098c\" data-element_type=\"widget\" data-widget_type=\"text-editor.default\">\n\t\t\t\t\t\t\t\t\t<p>At Arcesso Dynamics, we don't have a catalogue because our best solution is precisely the one your project needs. Using our advanced moulding system, we develop and manufacture customised polyurethane parts to overcome any technical or design challenge. Lightness, durability and impossible shapes all come together in a unique solution.<\/p>\t\t\t\t\t\t\t\t<\/div>\n\t\t\t\t<\/div>\n\t\t<div class=\"elementor-element elementor-element-875a8d7 e-con-full e-flex e-con e-child\" data-id=\"875a8d7\" data-element_type=\"container\">\n\t\t\t\t<div class=\"elementor-element elementor-element-0b20d63 elementor-widget__width-initial elementor-widget-tablet__width-inherit elementor-widget-mobile__width-initial elementor-widget elementor-widget-heading\" data-id=\"0b20d63\" data-element_type=\"widget\" data-widget_type=\"heading.default\">\n\t\t\t\t\t<h2 class=\"elementor-heading-title elementor-size-default translation-block\">Solid Surface:<br> the moulding revolution<\/h2>\t\t\t\t<\/div>\n\t\t\t\t<div class=\"elementor-element elementor-element-ee9792c elementor-widget__width-initial elementor-widget-mobile__width-inherit elementor-widget elementor-widget-text-editor\" data-id=\"ee9792c\" data-element_type=\"widget\" data-widget_type=\"text-editor.default\">\n\t\t\t\t\t\t\t\t\t<p>We created the technology behind <a class=\"ta-link\" style=\"color: #fff;\" href=\"https:\/\/arcesso-dynamics.es\/en\/arfinio\/\">Arfinio\u00ae<\/a>, la primera superficie s\u00f3lida del mundo basada en poliuretano y procesada por moldeo de inyecci\u00f3n.<\/p><p>Fruto de nuestra I+D+i, este desarrollo es hoy una marca propiedad de nuestro partner Covestro, y representa la cima de la innovaci\u00f3n en el sector. Como pioneros de esta tecnolog\u00eda, ofrecemos un conocimiento del material inigualable.<\/p>\t\t\t\t\t\t\t\t<\/div>\n\t\t<div class=\"elementor-element elementor-element-f622be2 e-con-full e-flex e-con e-child\" data-id=\"f622be2\" data-element_type=\"container\">\n\t\t<div class=\"elementor-element elementor-element-c11e11b e-con-full e-flex e-con e-child\" data-id=\"c11e11b\" data-element_type=\"container\" data-settings=\"{&quot;background_background&quot;:&quot;classic&quot;}\">\n\t\t<div class=\"elementor-element elementor-element-fe72019 e-con-full e-flex e-con e-child\" data-id=\"fe72019\" data-element_type=\"container\">\n\t\t\t\t<div class=\"elementor-element elementor-element-b747e11 elementor-widget__width-initial elementor-widget elementor-widget-heading\" data-id=\"b747e11\" data-element_type=\"widget\" data-widget_type=\"heading.default\">\n\t\t\t\t\t<div class=\"elementor-heading-title elementor-size-default\">01<\/div>\t\t\t\t<\/div>\n\t\t<div class=\"elementor-element elementor-element-759bae7 e-con-full e-flex e-con e-child\" data-id=\"759bae7\" data-element_type=\"container\">\n\t\t\t\t<\/div>\n\t\t\t\t<\/div>\n\t\t\t\t<div class=\"elementor-element elementor-element-1d7859b elementor-widget__width-initial elementor-widget elementor-widget-heading\" data-id=\"1d7859b\" data-element_type=\"widget\" data-widget_type=\"heading.default\">\n\t\t\t\t\t<div class=\"elementor-heading-title elementor-size-default\">Advantages<\/div>\t\t\t\t<\/div>\n\t\t\t\t<div class=\"elementor-element elementor-element-caf7f94 elementor-widget__width-initial elementor-widget elementor-widget-text-editor\" data-id=\"caf7f94\" data-element_type=\"widget\" data-widget_type=\"text-editor.default\">\n\t\t\t\t\t\t\t\t\t<p>Unprecedented freedom in 3D design, single pieces without joints, intrinsic UV resistance and a luxurious finish with a warm, silky touch.<\/p>\t\t\t\t\t\t\t\t<\/div>\n\t\t\t\t<\/div>\n\t\t<div class=\"elementor-element elementor-element-ab15baf e-con-full e-flex e-con e-child\" data-id=\"ab15baf\" data-element_type=\"container\" data-settings=\"{&quot;background_background&quot;:&quot;classic&quot;}\">\n\t\t<div class=\"elementor-element elementor-element-20cf968 e-con-full e-flex e-con e-child\" data-id=\"20cf968\" data-element_type=\"container\">\n\t\t\t\t<div class=\"elementor-element elementor-element-e81068c elementor-widget__width-initial elementor-widget elementor-widget-heading\" data-id=\"e81068c\" data-element_type=\"widget\" data-widget_type=\"heading.default\">\n\t\t\t\t\t<div class=\"elementor-heading-title elementor-size-default\">02<\/div>\t\t\t\t<\/div>\n\t\t<div class=\"elementor-element elementor-element-12dd37b e-con-full e-flex e-con e-child\" data-id=\"12dd37b\" data-element_type=\"container\">\n\t\t\t\t<\/div>\n\t\t\t\t<\/div>\n\t\t\t\t<div class=\"elementor-element elementor-element-c14aac7 elementor-widget__width-initial elementor-widget elementor-widget-heading\" data-id=\"c14aac7\" data-element_type=\"widget\" data-widget_type=\"heading.default\">\n\t\t\t\t\t<div class=\"elementor-heading-title elementor-size-default\">Ideal for<\/div>\t\t\t\t<\/div>\n\t\t\t\t<div class=\"elementor-element elementor-element-fdd40a5 elementor-widget__width-initial elementor-widget elementor-widget-text-editor\" data-id=\"fdd40a5\" data-element_type=\"widget\" data-widget_type=\"text-editor.default\">\n\t\t\t\t\t\t\t\t\t<p>Projects where aesthetics really matter, in bathrooms, habitat, retail, electronics and many other sectors, wherever quality and design take precedence.<\/p>\t\t\t\t\t\t\t\t<\/div>\n\t\t\t\t<\/div>\n\t\t\t\t<\/div>\n\t\t\t\t<div class=\"elementor-element elementor-element-c1f159f elementor-align-justify elementor-widget elementor-widget-button\" data-id=\"c1f159f\" data-element_type=\"widget\" data-widget_type=\"button.default\">\n\t\t\t\t\t\t\t\t\t\t<a class=\"elementor-button elementor-button-link elementor-size-sm\" href=\"https:\/\/arcesso-dynamics.es\/en\/arfinio\/\">\n\t\t\t\t\t\t<span class=\"elementor-button-content-wrapper\">\n\t\t\t\t\t\t\t\t\t<span class=\"elementor-button-text\">Discover Arfinio\u00ae technology<\/span>\n\t\t\t\t\t<\/span>\n\t\t\t\t\t<\/a>\n\t\t\t\t\t\t\t\t<\/div>\n\t\t\t\t<\/div>\n\t\t<div class=\"elementor-element elementor-element-a290e9d e-con-full e-flex e-con e-parent\" data-id=\"a290e9d\" data-element_type=\"container\">\n\t\t\t\t<div class=\"elementor-element elementor-element-9c939c4 elementor-widget-tablet__width-inherit elementor-widget__width-inherit elementor-widget elementor-widget-image\" data-id=\"9c939c4\" data-element_type=\"widget\" data-widget_type=\"image.default\">\n\t\t\t\t\t\t\t\t\t\t\t\t\t\t\t<img fetchpriority=\"high\" decoding=\"async\" width=\"1440\" height=\"650\" src=\"https:\/\/arcesso-dynamics.es\/wp-content\/uploads\/2025\/08\/497b823c73408e9ccb6e44bb4c8c712f.png\" class=\"attachment-full size-full wp-image-258\" alt=\"\" srcset=\"https:\/\/arcesso-dynamics.es\/wp-content\/uploads\/2025\/08\/497b823c73408e9ccb6e44bb4c8c712f.png 1440w, https:\/\/arcesso-dynamics.es\/wp-content\/uploads\/2025\/08\/497b823c73408e9ccb6e44bb4c8c712f-300x135.png 300w, https:\/\/arcesso-dynamics.es\/wp-content\/uploads\/2025\/08\/497b823c73408e9ccb6e44bb4c8c712f-1024x462.png 1024w, https:\/\/arcesso-dynamics.es\/wp-content\/uploads\/2025\/08\/497b823c73408e9ccb6e44bb4c8c712f-768x347.png 768w\" sizes=\"(max-width: 1440px) 100vw, 1440px\" \/>\t\t\t\t\t\t\t\t\t\t\t\t\t\t\t<\/div>\n\t\t\t\t<div class=\"elementor-element elementor-element-0331267 elementor-absolute elementor-widget-tablet__width-inherit elementor-widget__width-inherit elementor-widget elementor-widget-image\" data-id=\"0331267\" data-element_type=\"widget\" data-settings=\"{&quot;_position&quot;:&quot;absolute&quot;}\" data-widget_type=\"image.default\">\n\t\t\t\t\t\t\t\t\t\t\t\t\t\t\t<img decoding=\"async\" src=\"https:\/\/arcesso-dynamics.es\/wp-content\/uploads\/2025\/08\/9a25de7a06db2adcb7701201b3a96c51.svg\" class=\"attachment-full size-full wp-image-259\" alt=\"\" \/>\t\t\t\t\t\t\t\t\t\t\t\t\t\t\t<\/div>\n\t\t\t\t<\/div>\n\t\t<div class=\"elementor-element elementor-element-e95394f e-con-full e-flex e-con e-child\" data-id=\"e95394f\" data-element_type=\"container\">\n\t\t\t\t<div class=\"elementor-element elementor-element-9322287 elementor-widget__width-initial elementor-widget elementor-widget-heading\" data-id=\"9322287\" data-element_type=\"widget\" data-widget_type=\"heading.default\">\n\t\t\t\t\t<h2 class=\"elementor-heading-title elementor-size-default\">Bi-density components: versatile and light<\/h2>\t\t\t\t<\/div>\n\t\t\t\t<div class=\"elementor-element elementor-element-3fb1428 elementor-widget__width-initial elementor-widget-tablet__width-inherit elementor-widget elementor-widget-text-editor\" data-id=\"3fb1428\" data-element_type=\"widget\" data-widget_type=\"text-editor.default\">\n\t\t\t\t\t\t\t\t\t<p>For structural and technical applications, we apply our unique expertise in bi-density technology to rigid polyurethane, creating a composite designed to deliver superior mechanical performance.<\/p>\t\t\t\t\t\t\t\t<\/div>\n\t\t<div class=\"elementor-element elementor-element-4d4de5c e-con-full e-flex e-con e-child\" data-id=\"4d4de5c\" data-element_type=\"container\">\n\t\t<div class=\"elementor-element elementor-element-ab9e31b e-con-full e-flex e-con e-child\" data-id=\"ab9e31b\" data-element_type=\"container\" data-settings=\"{&quot;background_background&quot;:&quot;classic&quot;}\">\n\t\t<div class=\"elementor-element elementor-element-5fb21b7 e-con-full e-flex e-con e-child\" data-id=\"5fb21b7\" data-element_type=\"container\">\n\t\t\t\t<div class=\"elementor-element elementor-element-f00c700 elementor-widget__width-initial elementor-widget elementor-widget-heading\" data-id=\"f00c700\" data-element_type=\"widget\" data-widget_type=\"heading.default\">\n\t\t\t\t\t<div class=\"elementor-heading-title elementor-size-default\">01<\/div>\t\t\t\t<\/div>\n\t\t<div class=\"elementor-element elementor-element-94be887 e-con-full e-flex e-con e-child\" data-id=\"94be887\" data-element_type=\"container\">\n\t\t\t\t<\/div>\n\t\t\t\t<\/div>\n\t\t\t\t<div class=\"elementor-element elementor-element-b0a88fa elementor-widget__width-initial elementor-widget elementor-widget-heading\" data-id=\"b0a88fa\" data-element_type=\"widget\" data-widget_type=\"heading.default\">\n\t\t\t\t\t<div class=\"elementor-heading-title elementor-size-default\">Advantages<\/div>\t\t\t\t<\/div>\n\t\t\t\t<div class=\"elementor-element elementor-element-a2684b0 elementor-widget__width-initial elementor-widget elementor-widget-text-editor\" data-id=\"a2684b0\" data-element_type=\"widget\" data-widget_type=\"text-editor.default\">\n\t\t\t\t\t\t\t\t\t<p>With bi-density technology, you can create highly resistant, lightweight parts with a compact outer layer and a low-density inner core, all in a single injection.<\/p>\t\t\t\t\t\t\t\t<\/div>\n\t\t\t\t<\/div>\n\t\t<div class=\"elementor-element elementor-element-7d6464d e-con-full e-flex e-con e-child\" data-id=\"7d6464d\" data-element_type=\"container\" data-settings=\"{&quot;background_background&quot;:&quot;classic&quot;}\">\n\t\t<div class=\"elementor-element elementor-element-0d4ee9a e-con-full e-flex e-con e-child\" data-id=\"0d4ee9a\" data-element_type=\"container\">\n\t\t\t\t<div class=\"elementor-element elementor-element-8abbf3f elementor-widget__width-initial elementor-widget elementor-widget-heading\" data-id=\"8abbf3f\" data-element_type=\"widget\" data-widget_type=\"heading.default\">\n\t\t\t\t\t<div class=\"elementor-heading-title elementor-size-default\">02<\/div>\t\t\t\t<\/div>\n\t\t<div class=\"elementor-element elementor-element-f39e6ae e-con-full e-flex e-con e-child\" data-id=\"f39e6ae\" data-element_type=\"container\">\n\t\t\t\t<\/div>\n\t\t\t\t<\/div>\n\t\t\t\t<div class=\"elementor-element elementor-element-8ab731e elementor-widget__width-initial elementor-widget elementor-widget-heading\" data-id=\"8ab731e\" data-element_type=\"widget\" data-widget_type=\"heading.default\">\n\t\t\t\t\t<div class=\"elementor-heading-title elementor-size-default\">Ideal for<\/div>\t\t\t\t<\/div>\n\t\t\t\t<div class=\"elementor-element elementor-element-1ccdc8c elementor-widget__width-initial elementor-widget elementor-widget-text-editor\" data-id=\"1ccdc8c\" data-element_type=\"widget\" data-widget_type=\"text-editor.default\">\n\t\t\t\t\t\t\t\t\t<p>Large parts and housings for the mobility, machinery and medical equipment sectors, among others, where weight optimisation and robustness are essential.<br\/><\/p>\t\t\t\t\t\t\t\t<\/div>\n\t\t\t\t<\/div>\n\t\t\t\t<\/div>\n\t\t\t\t<\/div>\n\t\t<div class=\"elementor-element elementor-element-dfa50cd e-con-full e-flex e-con e-child\" data-id=\"dfa50cd\" data-element_type=\"container\">\n\t\t\t\t<div class=\"elementor-element elementor-element-4e1d941 elementor-widget__width-initial elementor-widget elementor-widget-heading\" data-id=\"4e1d941\" data-element_type=\"widget\" data-widget_type=\"heading.default\">\n\t\t\t\t\t<h2 class=\"elementor-heading-title elementor-size-default\">Customised polyurethane solutions for industry<br \/><\/h2>\t\t\t\t<\/div>\n\t\t\t\t<div class=\"elementor-element elementor-element-a7d9c06 elementor-widget__width-initial elementor-widget elementor-widget-text-editor\" data-id=\"a7d9c06\" data-element_type=\"widget\" data-widget_type=\"text-editor.default\">\n\t\t\t\t\t\t\t\t\t<p>The core of our business is the co-creation of technical polyurethane parts for the most demanding sectors. We analyse your challenge and advise you on which solution, Arfinio\u00ae or bi-density polyurethane, is ideal for successfully bringing your product to life. We develop solutions for sectors such as mobility, medical and healthcare, banking, lighting and habitat, among others.<\/p>\t\t\t\t\t\t\t\t<\/div>\n\t\t\t\t<div class=\"elementor-element elementor-element-d222547 elementor-align-justify elementor-widget elementor-widget-button\" data-id=\"d222547\" data-element_type=\"widget\" data-widget_type=\"button.default\">\n\t\t\t\t\t\t\t\t\t\t<a class=\"elementor-button elementor-button-link elementor-size-sm\" href=\"https:\/\/arcesso-dynamics.es\/en\/contact\/#form\">\n\t\t\t\t\t\t<span class=\"elementor-button-content-wrapper\">\n\t\t\t\t\t\t\t\t\t<span class=\"elementor-button-text\">Tell us about your project<\/span>\n\t\t\t\t\t<\/span>\n\t\t\t\t\t<\/a>\n\t\t\t\t\t\t\t\t<\/div>\n\t\t\t\t<\/div>\n\t\t\t\t<\/div>","protected":false},"excerpt":{"rendered":"<p>Soluciones en Solid Surface En Arcesso Dynamics no tenemos un cat\u00e1logo, porque nuestra mejor soluci\u00f3n es la que tu proyecto necesita. Desarrollamos y fabricamos piezas a medida en poliuretano, mediante nuestro revolucionario moldeo por inyecci\u00f3n, para superar cualquier reto t\u00e9cnico y de dise\u00f1o. Ligereza, durabilidad y formas imposibles se unen en una soluci\u00f3n \u00fanica. Solid [&hellip;]<\/p>\n","protected":false},"author":1,"featured_media":0,"parent":0,"menu_order":0,"comment_status":"closed","ping_status":"closed","template":"elementor_header_footer","meta":{"footnotes":""},"class_list":["post-262","page","type-page","status-publish","hentry"],"_links":{"self":[{"href":"https:\/\/arcesso-dynamics.es\/en\/wp-json\/wp\/v2\/pages\/262","targetHints":{"allow":["GET"]}}],"collection":[{"href":"https:\/\/arcesso-dynamics.es\/en\/wp-json\/wp\/v2\/pages"}],"about":[{"href":"https:\/\/arcesso-dynamics.es\/en\/wp-json\/wp\/v2\/types\/page"}],"author":[{"embeddable":true,"href":"https:\/\/arcesso-dynamics.es\/en\/wp-json\/wp\/v2\/users\/1"}],"replies":[{"embeddable":true,"href":"https:\/\/arcesso-dynamics.es\/en\/wp-json\/wp\/v2\/comments?post=262"}],"version-history":[{"count":24,"href":"https:\/\/arcesso-dynamics.es\/en\/wp-json\/wp\/v2\/pages\/262\/revisions"}],"predecessor-version":[{"id":1154,"href":"https:\/\/arcesso-dynamics.es\/en\/wp-json\/wp\/v2\/pages\/262\/revisions\/1154"}],"wp:attachment":[{"href":"https:\/\/arcesso-dynamics.es\/en\/wp-json\/wp\/v2\/media?parent=262"}],"curies":[{"name":"wp","href":"https:\/\/api.w.org\/{rel}","templated":true}]}}